{"id":168,"date":"2025-08-26T02:29:58","date_gmt":"2025-08-26T02:29:58","guid":{"rendered":"https:\/\/www.gittowers.com\/?page_id=168"},"modified":"2025-10-24T15:23:49","modified_gmt":"2025-10-24T15:23:49","slug":"nosotros","status":"publish","type":"page","link":"https:\/\/www.gittowers.com\/en\/nosotros\/","title":{"rendered":"About us"},"content":{"rendered":"<div data-elementor-type=\"wp-page\" data-elementor-id=\"168\" class=\"elementor elementor-168\" data-elementor-post-type=\"page\">\n\t\t\t\t<div class=\"elementor-element elementor-element-0c9d380 e-flex e-con-boxed e-con e-parent\" data-id=\"0c9d380\" data-element_type=\"container\" data-settings=\"{&quot;background_background&quot;:&quot;classic&quot;}\">\n\t\t\t\t\t<div class=\"e-con-inner\">\n\t\t\t\t<div class=\"elementor-element elementor-element-909ba72 elementor-widget elementor-widget-heading\" data-id=\"909ba72\" data-element_type=\"widget\" data-widget_type=\"heading.default\">\n\t\t\t\t\t<h2 class=\"elementor-heading-title elementor-size-default\">About us<\/h2>\t\t\t\t<\/div>\n\t\t\t\t\t<\/div>\n\t\t\t\t<\/div>\n\t\t<div class=\"elementor-element elementor-element-5d8f3ed e-flex e-con-boxed e-con e-parent\" data-id=\"5d8f3ed\" data-element_type=\"container\">\n\t\t\t\t\t<div class=\"e-con-inner\">\n\t\t<div class=\"elementor-element elementor-element-2f99899 e-con-full e-flex e-con e-child\" data-id=\"2f99899\" data-element_type=\"container\">\n\t\t\t\t<div class=\"elementor-element elementor-element-1032933 elementor-widget elementor-widget-image\" data-id=\"1032933\" data-element_type=\"widget\" data-widget_type=\"image.default\">\n\t\t\t\t\t\t\t\t\t\t\t\t\t\t\t<img fetchpriority=\"high\" decoding=\"async\" width=\"500\" height=\"360\" src=\"https:\/\/www.gittowers.com\/wp-content\/uploads\/2025\/08\/ingeniero-torre-telecomunicaciones-trabajo-campo.jpg\" class=\"attachment-full size-full wp-image-31\" alt=\"\" srcset=\"https:\/\/www.gittowers.com\/wp-content\/uploads\/2025\/08\/ingeniero-torre-telecomunicaciones-trabajo-campo.jpg 500w, https:\/\/www.gittowers.com\/wp-content\/uploads\/2025\/08\/ingeniero-torre-telecomunicaciones-trabajo-campo-300x216.jpg 300w\" sizes=\"(max-width: 500px) 100vw, 500px\" \/>\t\t\t\t\t\t\t\t\t\t\t\t\t\t\t<\/div>\n\t\t\t\t<\/div>\n\t\t<div class=\"elementor-element elementor-element-165fb2c e-con-full e-flex e-con e-child\" data-id=\"165fb2c\" data-element_type=\"container\">\n\t\t\t\t<div class=\"elementor-element elementor-element-17bbd8b elementor-widget elementor-widget-heading\" data-id=\"17bbd8b\" data-element_type=\"widget\" data-widget_type=\"heading.default\">\n\t\t\t\t\t<h2 class=\"elementor-heading-title elementor-size-default\">About the Bussines<\/h2>\t\t\t\t<\/div>\n\t\t\t\t<div class=\"elementor-element elementor-element-713e2c8 elementor-widget elementor-widget-text-editor\" data-id=\"713e2c8\" data-element_type=\"widget\" data-widget_type=\"text-editor.default\">\n\t\t\t\t\t\t\t\t\t<p>GIT (Global Investing Towers) is a transnational telecommunications company specializing in the development, implementation, and operation of passive infrastructure.<\/p><p>With extensive experience in the construction of Cellular Base Stations (CBS) and comprehensive telecommunications projects, GIT provides solutions to the sector's leading operators, contributing to connectivity and the expansion of mobile coverage in the region.<\/p>\t\t\t\t\t\t\t\t<\/div>\n\t\t\t\t<\/div>\n\t\t\t\t\t<\/div>\n\t\t\t\t<\/div>\n\t\t<div class=\"elementor-element elementor-element-480c4ce e-flex e-con-boxed e-con e-parent\" data-id=\"480c4ce\" data-element_type=\"container\" data-settings=\"{&quot;background_background&quot;:&quot;classic&quot;}\">\n\t\t\t\t\t<div class=\"e-con-inner\">\n\t\t<div class=\"elementor-element elementor-element-ed8a3b1 e-con-full e-flex e-con e-child\" data-id=\"ed8a3b1\" data-element_type=\"container\">\n\t\t\t\t<div class=\"elementor-element elementor-element-f30eb4e elementor-widget elementor-widget-counter\" data-id=\"f30eb4e\" data-element_type=\"widget\" data-widget_type=\"counter.default\">\n\t\t\t\t\t\t\t<div class=\"elementor-counter\">\n\t\t\t<div class=\"elementor-counter-title\">Years of Experience<\/div>\t\t\t<div class=\"elementor-counter-number-wrapper\">\n\t\t\t\t<span class=\"elementor-counter-number-prefix\">+<\/span>\n\t\t\t\t<span class=\"elementor-counter-number\" data-duration=\"500\" data-to-value=\"10\" data-from-value=\"1\" data-delimiter=\",\">1<\/span>\n\t\t\t\t<span class=\"elementor-counter-number-suffix\"><\/span>\n\t\t\t<\/div>\n\t\t<\/div>\n\t\t\t\t\t\t<\/div>\n\t\t\t\t<\/div>\n\t\t<div class=\"elementor-element elementor-element-46157bc e-con-full e-flex e-con e-child\" data-id=\"46157bc\" data-element_type=\"container\">\n\t\t\t\t<div class=\"elementor-element elementor-element-3898ce6 elementor-widget elementor-widget-counter\" data-id=\"3898ce6\" data-element_type=\"widget\" data-widget_type=\"counter.default\">\n\t\t\t\t\t\t\t<div class=\"elementor-counter\">\n\t\t\t<div class=\"elementor-counter-title\">Stations<\/div>\t\t\t<div class=\"elementor-counter-number-wrapper\">\n\t\t\t\t<span class=\"elementor-counter-number-prefix\">+<\/span>\n\t\t\t\t<span class=\"elementor-counter-number\" data-duration=\"3000\" data-to-value=\"8000\" data-from-value=\"1\" data-delimiter=\",\">1<\/span>\n\t\t\t\t<span class=\"elementor-counter-number-suffix\"><\/span>\n\t\t\t<\/div>\n\t\t<\/div>\n\t\t\t\t\t\t<\/div>\n\t\t\t\t<\/div>\n\t\t\t\t\t<\/div>\n\t\t\t\t<\/div>\n\t\t<div class=\"elementor-element elementor-element-b28b026 e-flex e-con-boxed e-con e-parent\" data-id=\"b28b026\" data-element_type=\"container\" data-settings=\"{&quot;background_background&quot;:&quot;classic&quot;}\">\n\t\t\t\t\t<div class=\"e-con-inner\">\n\t\t<div class=\"elementor-element elementor-element-6e8ae0f e-con-full e-flex e-con e-child\" data-id=\"6e8ae0f\" data-element_type=\"container\" data-settings=\"{&quot;background_background&quot;:&quot;classic&quot;}\">\n\t\t\t\t<div class=\"elementor-element elementor-element-17af552 elementor-widget elementor-widget-heading\" data-id=\"17af552\" data-element_type=\"widget\" data-widget_type=\"heading.default\">\n\t\t\t\t\t<h2 class=\"elementor-heading-title elementor-size-default\">Mission<\/h2>\t\t\t\t<\/div>\n\t\t\t\t<div class=\"elementor-element elementor-element-f28194c elementor-widget elementor-widget-text-editor\" data-id=\"f28194c\" data-element_type=\"widget\" data-widget_type=\"text-editor.default\">\n\t\t\t\t\t\t\t\t\t<p>Provide our clients with solutions that drive territorial development, promoting digital inclusion and connecting disadvantaged communities through efficient, sustainable, and robust communication.<\/p>\t\t\t\t\t\t\t\t<\/div>\n\t\t\t\t<\/div>\n\t\t<div class=\"elementor-element elementor-element-1fe1bee e-con-full e-flex e-con e-child\" data-id=\"1fe1bee\" data-element_type=\"container\" data-settings=\"{&quot;background_background&quot;:&quot;classic&quot;}\">\n\t\t\t\t<div class=\"elementor-element elementor-element-0a6842e elementor-widget elementor-widget-heading\" data-id=\"0a6842e\" data-element_type=\"widget\" data-widget_type=\"heading.default\">\n\t\t\t\t\t<h2 class=\"elementor-heading-title elementor-size-default\">Vision<\/h2>\t\t\t\t<\/div>\n\t\t\t\t<div class=\"elementor-element elementor-element-89daa13 elementor-widget elementor-widget-text-editor\" data-id=\"89daa13\" data-element_type=\"widget\" data-widget_type=\"text-editor.default\">\n\t\t\t\t\t\t\t\t\t<p>To be the leading telecommunications infrastructure company in the region, recognized for its contribution to connectivity and mobile network expansion.<\/p>\t\t\t\t\t\t\t\t<\/div>\n\t\t\t\t<\/div>\n\t\t\t\t\t<\/div>\n\t\t\t\t<\/div>\n\t\t<div class=\"elementor-element elementor-element-2c73930 e-flex e-con-boxed e-con e-parent\" data-id=\"2c73930\" data-element_type=\"container\">\n\t\t\t\t\t<div class=\"e-con-inner\">\n\t\t\t\t<div class=\"elementor-element elementor-element-d86373f elementor-widget elementor-widget-heading\" data-id=\"d86373f\" data-element_type=\"widget\" data-widget_type=\"heading.default\">\n\t\t\t\t\t<h2 class=\"elementor-heading-title elementor-size-default\">Beginning<\/h2>\t\t\t\t<\/div>\n\t\t\t\t\t<\/div>\n\t\t\t\t<\/div>\n\t\t<div class=\"elementor-element elementor-element-216ae60 e-flex e-con-boxed e-con e-parent\" data-id=\"216ae60\" data-element_type=\"container\" data-settings=\"{&quot;background_background&quot;:&quot;classic&quot;}\">\n\t\t\t\t\t<div class=\"e-con-inner\">\n\t\t<div class=\"elementor-element elementor-element-44333bf e-con-full e-flex e-con e-child\" data-id=\"44333bf\" data-element_type=\"container\" data-settings=\"{&quot;background_background&quot;:&quot;classic&quot;}\">\n\t\t\t\t<div class=\"elementor-element elementor-element-e9dc8b4 elementor-widget elementor-widget-text-editor\" data-id=\"e9dc8b4\" data-element_type=\"widget\" data-widget_type=\"text-editor.default\">\n\t\t\t\t\t\t\t\t\t<p>Sustainability and solidity in every project.<\/p>\t\t\t\t\t\t\t\t<\/div>\n\t\t\t\t<\/div>\n\t\t<div class=\"elementor-element elementor-element-b77dc49 e-con-full e-flex e-con e-child\" data-id=\"b77dc49\" data-element_type=\"container\">\n\t\t\t\t<div class=\"elementor-element elementor-element-cfdadde elementor-widget elementor-widget-text-editor\" data-id=\"cfdadde\" data-element_type=\"widget\" data-widget_type=\"text-editor.default\">\n\t\t\t\t\t\t\t\t\t<p><strong>Commitment<\/strong> with national connectivity, including rural and hard-to-reach areas.<\/p>\t\t\t\t\t\t\t\t<\/div>\n\t\t\t\t<\/div>\n\t\t<div class=\"elementor-element elementor-element-129ab3b e-con-full e-flex e-con e-child\" data-id=\"129ab3b\" data-element_type=\"container\" data-settings=\"{&quot;background_background&quot;:&quot;classic&quot;}\">\n\t\t\t\t<div class=\"elementor-element elementor-element-1ede677 elementor-widget elementor-widget-text-editor\" data-id=\"1ede677\" data-element_type=\"widget\" data-widget_type=\"text-editor.default\">\n\t\t\t\t\t\t\t\t\t<strong>Adaptability<\/strong> technique to offer efficient solutions according to the environment.\t\t\t\t\t\t\t\t<\/div>\n\t\t\t\t<\/div>\n\t\t\t\t\t<\/div>\n\t\t\t\t<\/div>\n\t\t<div class=\"elementor-element elementor-element-0b335af e-con-full e-flex e-con e-parent\" data-id=\"0b335af\" data-element_type=\"container\">\n\t\t<div class=\"elementor-element elementor-element-b5e1fb7 e-con-full e-flex e-con e-child\" data-id=\"b5e1fb7\" data-element_type=\"container\" data-settings=\"{&quot;background_background&quot;:&quot;classic&quot;}\">\n\t\t\t\t<div class=\"elementor-element elementor-element-37a87f1 elementor-widget elementor-widget-heading\" data-id=\"37a87f1\" data-element_type=\"widget\" data-widget_type=\"heading.default\">\n\t\t\t\t\t<h2 class=\"elementor-heading-title elementor-size-default\">Main services<\/h2>\t\t\t\t<\/div>\n\t\t\t\t<div class=\"elementor-element elementor-element-c5da9a8 elementor-align-left animated-slow elementor-icon-list--layout-traditional elementor-list-item-link-full_width elementor-invisible elementor-widget elementor-widget-icon-list\" data-id=\"c5da9a8\" data-element_type=\"widget\" data-settings=\"{&quot;_animation&quot;:&quot;fadeInLeft&quot;}\" data-widget_type=\"icon-list.default\">\n\t\t\t\t\t\t\t<ul class=\"elementor-icon-list-items\">\n\t\t\t\t\t\t\t<li class=\"elementor-icon-list-item\">\n\t\t\t\t\t\t\t\t\t\t\t<span class=\"elementor-icon-list-icon\">\n\t\t\t\t\t\t\t<svg aria-hidden=\"true\" class=\"e-font-icon-svg e-fas-caret-right\" viewbox=\"0 0 192 512\" xmlns=\"http:\/\/www.w3.org\/2000\/svg\"><path d=\"M0 384.662V127.338c0-17.818 21.543-26.741 34.142-14.142l128.662 128.662c7.81 7.81 7.81 20.474 0 28.284L34.142 398.804C21.543 411.404 0 402.48 0 384.662z\"><\/path><\/svg>\t\t\t\t\t\t<\/span>\n\t\t\t\t\t\t\t\t\t\t<span class=\"elementor-icon-list-text\">Construction, operation and maintenance of telecommunications towers.<\/span>\n\t\t\t\t\t\t\t\t\t<\/li>\n\t\t\t\t\t\t\t\t<li class=\"elementor-icon-list-item\">\n\t\t\t\t\t\t\t\t\t\t\t<span class=\"elementor-icon-list-icon\">\n\t\t\t\t\t\t\t<svg aria-hidden=\"true\" class=\"e-font-icon-svg e-fas-caret-right\" viewbox=\"0 0 192 512\" xmlns=\"http:\/\/www.w3.org\/2000\/svg\"><path d=\"M0 384.662V127.338c0-17.818 21.543-26.741 34.142-14.142l128.662 128.662c7.81 7.81 7.81 20.474 0 28.284L34.142 398.804C21.543 411.404 0 402.48 0 384.662z\"><\/path><\/svg>\t\t\t\t\t\t<\/span>\n\t\t\t\t\t\t\t\t\t\t<span class=\"elementor-icon-list-text\">Implementaci\u00f3n de sistemas para energizar estaciones en ubicaciones remotas.<\/span>\n\t\t\t\t\t\t\t\t\t<\/li>\n\t\t\t\t\t\t\t\t<li class=\"elementor-icon-list-item\">\n\t\t\t\t\t\t\t\t\t\t\t<span class=\"elementor-icon-list-icon\">\n\t\t\t\t\t\t\t<svg aria-hidden=\"true\" class=\"e-font-icon-svg e-fas-caret-right\" viewbox=\"0 0 192 512\" xmlns=\"http:\/\/www.w3.org\/2000\/svg\"><path d=\"M0 384.662V127.338c0-17.818 21.543-26.741 34.142-14.142l128.662 128.662c7.81 7.81 7.81 20.474 0 28.284L34.142 398.804C21.543 411.404 0 402.48 0 384.662z\"><\/path><\/svg>\t\t\t\t\t\t<\/span>\n\t\t\t\t\t\t\t\t\t\t<span class=\"elementor-icon-list-text\">Connectivity solutions for rural areas and hard-to-reach areas.<\/span>\n\t\t\t\t\t\t\t\t\t<\/li>\n\t\t\t\t\t\t\t\t<li class=\"elementor-icon-list-item\">\n\t\t\t\t\t\t\t\t\t\t\t<span class=\"elementor-icon-list-icon\">\n\t\t\t\t\t\t\t<svg aria-hidden=\"true\" class=\"e-font-icon-svg e-fas-caret-right\" viewbox=\"0 0 192 512\" xmlns=\"http:\/\/www.w3.org\/2000\/svg\"><path d=\"M0 384.662V127.338c0-17.818 21.543-26.741 34.142-14.142l128.662 128.662c7.81 7.81 7.81 20.474 0 28.284L34.142 398.804C21.543 411.404 0 402.48 0 384.662z\"><\/path><\/svg>\t\t\t\t\t\t<\/span>\n\t\t\t\t\t\t\t\t\t\t<span class=\"elementor-icon-list-text\">Infrastructure rental to mobile operators and private entities.<\/span>\n\t\t\t\t\t\t\t\t\t<\/li>\n\t\t\t\t\t\t\t\t<li class=\"elementor-icon-list-item\">\n\t\t\t\t\t\t\t\t\t\t\t<span class=\"elementor-icon-list-icon\">\n\t\t\t\t\t\t\t<svg aria-hidden=\"true\" class=\"e-font-icon-svg e-fas-caret-right\" viewbox=\"0 0 192 512\" xmlns=\"http:\/\/www.w3.org\/2000\/svg\"><path d=\"M0 384.662V127.338c0-17.818 21.543-26.741 34.142-14.142l128.662 128.662c7.81 7.81 7.81 20.474 0 28.284L34.142 398.804C21.543 411.404 0 402.48 0 384.662z\"><\/path><\/svg>\t\t\t\t\t\t<\/span>\n\t\t\t\t\t\t\t\t\t\t<span class=\"elementor-icon-list-text\">Comprehensive site management, including technical support and preventive maintenance.<\/span>\n\t\t\t\t\t\t\t\t\t<\/li>\n\t\t\t\t\t\t<\/ul>\n\t\t\t\t\t\t<\/div>\n\t\t\t\t<\/div>\n\t\t<div class=\"elementor-element elementor-element-a664b4a e-con-full e-flex e-con e-child\" data-id=\"a664b4a\" data-element_type=\"container\" data-settings=\"{&quot;background_background&quot;:&quot;classic&quot;}\">\n\t\t\t\t<div class=\"elementor-element elementor-element-0bfacad elementor-widget elementor-widget-spacer\" data-id=\"0bfacad\" data-element_type=\"widget\" data-widget_type=\"spacer.default\">\n\t\t\t\t\t\t\t<div class=\"elementor-spacer\">\n\t\t\t<div class=\"elementor-spacer-inner\"><\/div>\n\t\t<\/div>\n\t\t\t\t\t\t<\/div>\n\t\t\t\t<\/div>\n\t\t\t\t<\/div>\n\t\t\t\t<\/div>","protected":false},"excerpt":{"rendered":"<p>Nosotros Acerca del Empresa GIT (Global Investing Towers) es una empresa transnacional del sector de telecomunicaciones, especializada en el desarrollo, implementaci\u00f3n y operaci\u00f3n de infraestructura pasiva. Con amplia experiencia en construcci\u00f3n de Estaciones Base Celular (EBC) y proyectos integrales de telecomunicaciones, GIT brinda soluciones a los principales operadores del sector, contribuyendo a la conectividad y [&hellip;]<\/p>","protected":false},"author":1,"featured_media":0,"parent":0,"menu_order":0,"comment_status":"closed","ping_status":"closed","template":"","meta":{"footnotes":""},"class_list":["post-168","page","type-page","status-publish","hentry"],"yoast_head":"<!-- This site is optimized with the Yoast SEO plugin v26.3 - https:\/\/yoast.com\/wordpress\/plugins\/seo\/ -->\n<title>Nosotros - GitTowers<\/title>\n<meta name=\"robots\" content=\"index, follow, max-snippet:-1, max-image-preview:large, max-video-preview:-1\" \/>\n<link rel=\"canonical\" href=\"https:\/\/www.gittowers.com\/en\/nosotros\/\" \/>\n<meta property=\"og:locale\" content=\"en_US\" \/>\n<meta property=\"og:type\" content=\"article\" \/>\n<meta property=\"og:title\" content=\"Nosotros - GitTowers\" \/>\n<meta property=\"og:description\" content=\"Nosotros Acerca del Empresa GIT (Global Investing Towers) es una empresa transnacional del sector de telecomunicaciones, especializada en el desarrollo, implementaci\u00f3n y operaci\u00f3n de infraestructura pasiva. Con amplia experiencia en construcci\u00f3n de Estaciones Base Celular (EBC) y proyectos integrales de telecomunicaciones, GIT brinda soluciones a los principales operadores del sector, contribuyendo a la conectividad y [&hellip;]\" \/>\n<meta property=\"og:url\" content=\"https:\/\/www.gittowers.com\/en\/nosotros\/\" \/>\n<meta property=\"og:site_name\" content=\"GitTowers\" \/>\n<meta property=\"article:modified_time\" content=\"2025-10-24T15:23:49+00:00\" \/>\n<meta property=\"og:image\" content=\"https:\/\/www.gittowers.com\/wp-content\/uploads\/2025\/08\/ingeniero-torre-telecomunicaciones-trabajo-campo.jpg\" \/>\n\t<meta property=\"og:image:width\" content=\"500\" \/>\n\t<meta property=\"og:image:height\" content=\"360\" \/>\n\t<meta property=\"og:image:type\" content=\"image\/jpeg\" \/>\n<meta name=\"twitter:card\" content=\"summary_large_image\" \/>\n<meta name=\"twitter:label1\" content=\"Est. reading time\" \/>\n\t<meta name=\"twitter:data1\" content=\"1 minute\" \/>\n<script type=\"application\/ld+json\" class=\"yoast-schema-graph\">{\"@context\":\"https:\/\/schema.org\",\"@graph\":[{\"@type\":\"WebPage\",\"@id\":\"https:\/\/www.gittowers.com\/nosotros\/\",\"url\":\"https:\/\/www.gittowers.com\/nosotros\/\",\"name\":\"Nosotros - GitTowers\",\"isPartOf\":{\"@id\":\"https:\/\/www.gittowers.com\/#website\"},\"primaryImageOfPage\":{\"@id\":\"https:\/\/www.gittowers.com\/nosotros\/#primaryimage\"},\"image\":{\"@id\":\"https:\/\/www.gittowers.com\/nosotros\/#primaryimage\"},\"thumbnailUrl\":\"https:\/\/www.gittowers.com\/wp-content\/uploads\/2025\/08\/ingeniero-torre-telecomunicaciones-trabajo-campo.jpg\",\"datePublished\":\"2025-08-26T02:29:58+00:00\",\"dateModified\":\"2025-10-24T15:23:49+00:00\",\"breadcrumb\":{\"@id\":\"https:\/\/www.gittowers.com\/nosotros\/#breadcrumb\"},\"inLanguage\":\"en-US\",\"potentialAction\":[{\"@type\":\"ReadAction\",\"target\":[\"https:\/\/www.gittowers.com\/nosotros\/\"]}]},{\"@type\":\"ImageObject\",\"inLanguage\":\"en-US\",\"@id\":\"https:\/\/www.gittowers.com\/nosotros\/#primaryimage\",\"url\":\"https:\/\/www.gittowers.com\/wp-content\/uploads\/2025\/08\/ingeniero-torre-telecomunicaciones-trabajo-campo.jpg\",\"contentUrl\":\"https:\/\/www.gittowers.com\/wp-content\/uploads\/2025\/08\/ingeniero-torre-telecomunicaciones-trabajo-campo.jpg\"},{\"@type\":\"BreadcrumbList\",\"@id\":\"https:\/\/www.gittowers.com\/nosotros\/#breadcrumb\",\"itemListElement\":[{\"@type\":\"ListItem\",\"position\":1,\"name\":\"Portada\",\"item\":\"https:\/\/www.gittowers.com\/\"},{\"@type\":\"ListItem\",\"position\":2,\"name\":\"Nosotros\"}]},{\"@type\":\"WebSite\",\"@id\":\"https:\/\/www.gittowers.com\/#website\",\"url\":\"https:\/\/www.gittowers.com\/\",\"name\":\"GitTowers\",\"description\":\"M\u00e1s que conectar, impulsamos el futuro\",\"publisher\":{\"@id\":\"https:\/\/www.gittowers.com\/#organization\"},\"potentialAction\":[{\"@type\":\"SearchAction\",\"target\":{\"@type\":\"EntryPoint\",\"urlTemplate\":\"https:\/\/www.gittowers.com\/?s={search_term_string}\"},\"query-input\":{\"@type\":\"PropertyValueSpecification\",\"valueRequired\":true,\"valueName\":\"search_term_string\"}}],\"inLanguage\":\"en-US\"},{\"@type\":\"Organization\",\"@id\":\"https:\/\/www.gittowers.com\/#organization\",\"name\":\"GitTowers\",\"url\":\"https:\/\/www.gittowers.com\/\",\"logo\":{\"@type\":\"ImageObject\",\"inLanguage\":\"en-US\",\"@id\":\"https:\/\/www.gittowers.com\/#\/schema\/logo\/image\/\",\"url\":\"https:\/\/www.gittowers.com\/wp-content\/uploads\/2025\/08\/git-tower-logo.png\",\"contentUrl\":\"https:\/\/www.gittowers.com\/wp-content\/uploads\/2025\/08\/git-tower-logo.png\",\"width\":1000,\"height\":490,\"caption\":\"GitTowers\"},\"image\":{\"@id\":\"https:\/\/www.gittowers.com\/#\/schema\/logo\/image\/\"}}]}<\/script>\n<!-- \/ Yoast SEO plugin. -->","yoast_head_json":{"title":"Nosotros - GitTowers","robots":{"index":"index","follow":"follow","max-snippet":"max-snippet:-1","max-image-preview":"max-image-preview:large","max-video-preview":"max-video-preview:-1"},"canonical":"https:\/\/www.gittowers.com\/en\/nosotros\/","og_locale":"en_US","og_type":"article","og_title":"Nosotros - GitTowers","og_description":"Nosotros Acerca del Empresa GIT (Global Investing Towers) es una empresa transnacional del sector de telecomunicaciones, especializada en el desarrollo, implementaci\u00f3n y operaci\u00f3n de infraestructura pasiva. Con amplia experiencia en construcci\u00f3n de Estaciones Base Celular (EBC) y proyectos integrales de telecomunicaciones, GIT brinda soluciones a los principales operadores del sector, contribuyendo a la conectividad y [&hellip;]","og_url":"https:\/\/www.gittowers.com\/en\/nosotros\/","og_site_name":"GitTowers","article_modified_time":"2025-10-24T15:23:49+00:00","og_image":[{"width":500,"height":360,"url":"https:\/\/www.gittowers.com\/wp-content\/uploads\/2025\/08\/ingeniero-torre-telecomunicaciones-trabajo-campo.jpg","type":"image\/jpeg"}],"twitter_card":"summary_large_image","twitter_misc":{"Est. reading time":"1 minute"},"schema":{"@context":"https:\/\/schema.org","@graph":[{"@type":"WebPage","@id":"https:\/\/www.gittowers.com\/nosotros\/","url":"https:\/\/www.gittowers.com\/nosotros\/","name":"Nosotros - GitTowers","isPartOf":{"@id":"https:\/\/www.gittowers.com\/#website"},"primaryImageOfPage":{"@id":"https:\/\/www.gittowers.com\/nosotros\/#primaryimage"},"image":{"@id":"https:\/\/www.gittowers.com\/nosotros\/#primaryimage"},"thumbnailUrl":"https:\/\/www.gittowers.com\/wp-content\/uploads\/2025\/08\/ingeniero-torre-telecomunicaciones-trabajo-campo.jpg","datePublished":"2025-08-26T02:29:58+00:00","dateModified":"2025-10-24T15:23:49+00:00","breadcrumb":{"@id":"https:\/\/www.gittowers.com\/nosotros\/#breadcrumb"},"inLanguage":"en-US","potentialAction":[{"@type":"ReadAction","target":["https:\/\/www.gittowers.com\/nosotros\/"]}]},{"@type":"ImageObject","inLanguage":"en-US","@id":"https:\/\/www.gittowers.com\/nosotros\/#primaryimage","url":"https:\/\/www.gittowers.com\/wp-content\/uploads\/2025\/08\/ingeniero-torre-telecomunicaciones-trabajo-campo.jpg","contentUrl":"https:\/\/www.gittowers.com\/wp-content\/uploads\/2025\/08\/ingeniero-torre-telecomunicaciones-trabajo-campo.jpg"},{"@type":"BreadcrumbList","@id":"https:\/\/www.gittowers.com\/nosotros\/#breadcrumb","itemListElement":[{"@type":"ListItem","position":1,"name":"Portada","item":"https:\/\/www.gittowers.com\/"},{"@type":"ListItem","position":2,"name":"Nosotros"}]},{"@type":"WebSite","@id":"https:\/\/www.gittowers.com\/#website","url":"https:\/\/www.gittowers.com\/","name":"GitTowers","description":"M\u00e1s que conectar, impulsamos el futuro","publisher":{"@id":"https:\/\/www.gittowers.com\/#organization"},"potentialAction":[{"@type":"SearchAction","target":{"@type":"EntryPoint","urlTemplate":"https:\/\/www.gittowers.com\/?s={search_term_string}"},"query-input":{"@type":"PropertyValueSpecification","valueRequired":true,"valueName":"search_term_string"}}],"inLanguage":"en-US"},{"@type":"Organization","@id":"https:\/\/www.gittowers.com\/#organization","name":"GitTowers","url":"https:\/\/www.gittowers.com\/","logo":{"@type":"ImageObject","inLanguage":"en-US","@id":"https:\/\/www.gittowers.com\/#\/schema\/logo\/image\/","url":"https:\/\/www.gittowers.com\/wp-content\/uploads\/2025\/08\/git-tower-logo.png","contentUrl":"https:\/\/www.gittowers.com\/wp-content\/uploads\/2025\/08\/git-tower-logo.png","width":1000,"height":490,"caption":"GitTowers"},"image":{"@id":"https:\/\/www.gittowers.com\/#\/schema\/logo\/image\/"}}]}},"_links":{"self":[{"href":"https:\/\/www.gittowers.com\/en\/wp-json\/wp\/v2\/pages\/168","targetHints":{"allow":["GET"]}}],"collection":[{"href":"https:\/\/www.gittowers.com\/en\/wp-json\/wp\/v2\/pages"}],"about":[{"href":"https:\/\/www.gittowers.com\/en\/wp-json\/wp\/v2\/types\/page"}],"author":[{"embeddable":true,"href":"https:\/\/www.gittowers.com\/en\/wp-json\/wp\/v2\/users\/1"}],"replies":[{"embeddable":true,"href":"https:\/\/www.gittowers.com\/en\/wp-json\/wp\/v2\/comments?post=168"}],"version-history":[{"count":10,"href":"https:\/\/www.gittowers.com\/en\/wp-json\/wp\/v2\/pages\/168\/revisions"}],"predecessor-version":[{"id":937,"href":"https:\/\/www.gittowers.com\/en\/wp-json\/wp\/v2\/pages\/168\/revisions\/937"}],"wp:attachment":[{"href":"https:\/\/www.gittowers.com\/en\/wp-json\/wp\/v2\/media?parent=168"}],"curies":[{"name":"wp","href":"https:\/\/api.w.org\/{rel}","templated":true}]}}