{"id":239,"date":"2025-08-31T17:33:13","date_gmt":"2025-08-31T17:33:13","guid":{"rendered":"https:\/\/www.gittowers.com\/?page_id=239"},"modified":"2025-10-08T10:51:30","modified_gmt":"2025-10-08T10:51:30","slug":"servicios","status":"publish","type":"page","link":"https:\/\/www.gittowers.com\/en\/servicios\/","title":{"rendered":"Services"},"content":{"rendered":"<div data-elementor-type=\"wp-page\" data-elementor-id=\"239\" class=\"elementor elementor-239\" data-elementor-post-type=\"page\">\n\t\t\t\t<div class=\"elementor-element elementor-element-dd0a7c4 e-flex e-con-boxed e-con e-parent\" data-id=\"dd0a7c4\" data-element_type=\"container\" data-settings=\"{&quot;background_background&quot;:&quot;classic&quot;}\">\n\t\t\t\t\t<div class=\"e-con-inner\">\n\t\t\t\t<div class=\"elementor-element elementor-element-4264791 elementor-widget elementor-widget-heading\" data-id=\"4264791\" data-element_type=\"widget\" data-widget_type=\"heading.default\">\n\t\t\t\t\t<h2 class=\"elementor-heading-title elementor-size-default\">Services<\/h2>\t\t\t\t<\/div>\n\t\t\t\t\t<\/div>\n\t\t\t\t<\/div>\n\t\t<div class=\"elementor-element elementor-element-20e6931 e-con-full e-flex e-con e-parent\" data-id=\"20e6931\" data-element_type=\"container\">\n\t\t<div class=\"elementor-element elementor-element-f919e9c e-con-full e-flex e-con e-child\" data-id=\"f919e9c\" data-element_type=\"container\" data-settings=\"{&quot;background_background&quot;:&quot;classic&quot;}\">\n\t\t\t\t<div class=\"elementor-element elementor-element-0aceb3a elementor-widget elementor-widget-heading\" data-id=\"0aceb3a\" data-element_type=\"widget\" data-widget_type=\"heading.default\">\n\t\t\t\t\t<h2 class=\"elementor-heading-title elementor-size-default\">Construction of Cellular Base Stations<\/h2>\t\t\t\t<\/div>\n\t\t\t\t<div class=\"elementor-element elementor-element-7a934f7 elementor-widget elementor-widget-text-editor\" data-id=\"7a934f7\" data-element_type=\"widget\" data-widget_type=\"text-editor.default\">\n\t\t\t\t\t\t\t\t\tWe specialize in the comprehensive implementation of cellular base stations, a complex process that we manage from strategic design and planning to civil engineering and the final deployment of radio equipment. Our objective is clear: to provide maximum coverage and capacity for the mobile network. With more than a decade of successful operations in Latin America, our consolidated global experience and knowledge of the local environment allow us to deliver robust, efficient, and cost-effective solutions.\t\t\t\t\t\t\t\t<\/div>\n\t\t\t\t<div class=\"elementor-element elementor-element-34d6980 elementor-mobile-align-center animated-slow elementor-invisible elementor-widget elementor-widget-button\" data-id=\"34d6980\" data-element_type=\"widget\" data-settings=\"{&quot;_animation&quot;:&quot;bounceIn&quot;}\" data-widget_type=\"button.default\">\n\t\t\t\t\t\t\t\t\t\t<a class=\"elementor-button elementor-button-link elementor-size-sm\" href=\"https:\/\/www.gittowers.com\/en\/contacto\/\">\n\t\t\t\t\t\t<span class=\"elementor-button-content-wrapper\">\n\t\t\t\t\t\t\t\t\t<span class=\"elementor-button-text\">Quote<\/span>\n\t\t\t\t\t<\/span>\n\t\t\t\t\t<\/a>\n\t\t\t\t\t\t\t\t<\/div>\n\t\t\t\t<\/div>\n\t\t<div class=\"elementor-element elementor-element-bd7fe5a e-con-full e-flex e-con e-child\" data-id=\"bd7fe5a\" data-element_type=\"container\" data-settings=\"{&quot;background_background&quot;:&quot;classic&quot;}\">\n\t\t\t\t<div class=\"elementor-element elementor-element-20e7e5f elementor-widget elementor-widget-spacer\" data-id=\"20e7e5f\" data-element_type=\"widget\" data-widget_type=\"spacer.default\">\n\t\t\t\t\t\t\t<div class=\"elementor-spacer\">\n\t\t\t<div class=\"elementor-spacer-inner\"><\/div>\n\t\t<\/div>\n\t\t\t\t\t\t<\/div>\n\t\t\t\t<\/div>\n\t\t\t\t<\/div>\n\t\t<div class=\"elementor-element elementor-element-de1b8cd e-con-full e-flex e-con e-parent\" data-id=\"de1b8cd\" data-element_type=\"container\">\n\t\t<div class=\"elementor-element elementor-element-812f67d e-con-full e-flex e-con e-child\" data-id=\"812f67d\" data-element_type=\"container\" data-settings=\"{&quot;background_background&quot;:&quot;classic&quot;}\">\n\t\t\t\t<div class=\"elementor-element elementor-element-b20d93d elementor-widget elementor-widget-heading\" data-id=\"b20d93d\" data-element_type=\"widget\" data-widget_type=\"heading.default\">\n\t\t\t\t\t<h2 class=\"elementor-heading-title elementor-size-default\">Sale and Rental of Cellular Base Stations<\/h2>\t\t\t\t<\/div>\n\t\t\t\t<div class=\"elementor-element elementor-element-55368b2 elementor-widget elementor-widget-text-editor\" data-id=\"55368b2\" data-element_type=\"widget\" data-widget_type=\"text-editor.default\">\n\t\t\t\t\t\t\t\t\t<p>With a portfolio of more than 8,000 stations, we have extensive capacity to offer flexible commercial proposals tailored to the needs of each client. We provide sales and leasing solutions designed to mitigate risks and generate high impact, thus ensuring the success of your projects.<\/p>\t\t\t\t\t\t\t\t<\/div>\n\t\t\t\t<div class=\"elementor-element elementor-element-4aca580 elementor-mobile-align-center animated-slow elementor-invisible elementor-widget elementor-widget-button\" data-id=\"4aca580\" data-element_type=\"widget\" data-settings=\"{&quot;_animation&quot;:&quot;bounceIn&quot;}\" data-widget_type=\"button.default\">\n\t\t\t\t\t\t\t\t\t\t<a class=\"elementor-button elementor-button-link elementor-size-sm\" href=\"https:\/\/www.gittowers.com\/en\/contacto\/\">\n\t\t\t\t\t\t<span class=\"elementor-button-content-wrapper\">\n\t\t\t\t\t\t\t\t\t<span class=\"elementor-button-text\">Quote<\/span>\n\t\t\t\t\t<\/span>\n\t\t\t\t\t<\/a>\n\t\t\t\t\t\t\t\t<\/div>\n\t\t\t\t<\/div>\n\t\t<div class=\"elementor-element elementor-element-34652c7 e-con-full e-flex e-con e-child\" data-id=\"34652c7\" data-element_type=\"container\" data-settings=\"{&quot;background_background&quot;:&quot;classic&quot;}\">\n\t\t\t\t<div class=\"elementor-element elementor-element-d60f6eb elementor-widget elementor-widget-spacer\" data-id=\"d60f6eb\" data-element_type=\"widget\" data-widget_type=\"spacer.default\">\n\t\t\t\t\t\t\t<div class=\"elementor-spacer\">\n\t\t\t<div class=\"elementor-spacer-inner\"><\/div>\n\t\t<\/div>\n\t\t\t\t\t\t<\/div>\n\t\t\t\t<\/div>\n\t\t\t\t<\/div>\n\t\t<div class=\"elementor-element elementor-element-9536870 e-con-full e-flex e-con e-parent\" data-id=\"9536870\" data-element_type=\"container\">\n\t\t<div class=\"elementor-element elementor-element-341ad8a e-con-full e-flex e-con e-child\" data-id=\"341ad8a\" data-element_type=\"container\" data-settings=\"{&quot;background_background&quot;:&quot;classic&quot;}\">\n\t\t\t\t<div class=\"elementor-element elementor-element-e5622a8 elementor-widget elementor-widget-heading\" data-id=\"e5622a8\" data-element_type=\"widget\" data-widget_type=\"heading.default\">\n\t\t\t\t\t<h2 class=\"elementor-heading-title elementor-size-default\">Distributed Antenna Systems (DAS) for Indoor and Outdoor Use<\/h2>\t\t\t\t<\/div>\n\t\t\t\t<div class=\"elementor-element elementor-element-537cc6c elementor-widget elementor-widget-text-editor\" data-id=\"537cc6c\" data-element_type=\"widget\" data-widget_type=\"text-editor.default\">\n\t\t\t\t\t\t\t\t\t<p>We provide and implement distributed antenna systems to ensure complete, high-quality wireless coverage in any space, from large buildings to outdoor areas. Our solutions are designed to meet our customers' highest connectivity demands.<\/p>\t\t\t\t\t\t\t\t<\/div>\n\t\t\t\t<div class=\"elementor-element elementor-element-3a01cfb elementor-mobile-align-center animated-slow elementor-invisible elementor-widget elementor-widget-button\" data-id=\"3a01cfb\" data-element_type=\"widget\" data-settings=\"{&quot;_animation&quot;:&quot;bounceIn&quot;}\" data-widget_type=\"button.default\">\n\t\t\t\t\t\t\t\t\t\t<a class=\"elementor-button elementor-button-link elementor-size-sm\" href=\"https:\/\/www.gittowers.com\/en\/contacto\/\">\n\t\t\t\t\t\t<span class=\"elementor-button-content-wrapper\">\n\t\t\t\t\t\t\t\t\t<span class=\"elementor-button-text\">Quote<\/span>\n\t\t\t\t\t<\/span>\n\t\t\t\t\t<\/a>\n\t\t\t\t\t\t\t\t<\/div>\n\t\t\t\t<\/div>\n\t\t<div class=\"elementor-element elementor-element-321aa68 e-con-full e-flex e-con e-child\" data-id=\"321aa68\" data-element_type=\"container\" data-settings=\"{&quot;background_background&quot;:&quot;classic&quot;}\">\n\t\t\t\t<div class=\"elementor-element elementor-element-c19f32c elementor-widget elementor-widget-spacer\" data-id=\"c19f32c\" data-element_type=\"widget\" data-widget_type=\"spacer.default\">\n\t\t\t\t\t\t\t<div class=\"elementor-spacer\">\n\t\t\t<div class=\"elementor-spacer-inner\"><\/div>\n\t\t<\/div>\n\t\t\t\t\t\t<\/div>\n\t\t\t\t<\/div>\n\t\t\t\t<\/div>\n\t\t\t\t<\/div>","protected":false},"excerpt":{"rendered":"<p>Servicios Construcci\u00f3n de Estaciones Base Celular Nos especializamos en la ejecuci\u00f3n integral de estaciones base celular, un proceso complejo que gestionamos desde el dise\u00f1o estrat\u00e9gico y la planificaci\u00f3n, hasta la obra civil y el despliegue final de equipos de radio. Nuestro objetivo es claro: proveer la m\u00e1xima cobertura y capacidad para la red m\u00f3vil. Con [&hellip;]<\/p>","protected":false},"author":1,"featured_media":0,"parent":0,"menu_order":0,"comment_status":"closed","ping_status":"closed","template":"","meta":{"footnotes":""},"class_list":["post-239","page","type-page","status-publish","hentry"],"yoast_head":"<!-- This site is optimized with the Yoast SEO plugin v26.3 - https:\/\/yoast.com\/wordpress\/plugins\/seo\/ -->\n<title>Servicios - GitTowers<\/title>\n<meta name=\"robots\" content=\"index, follow, max-snippet:-1, max-image-preview:large, max-video-preview:-1\" \/>\n<link rel=\"canonical\" href=\"https:\/\/www.gittowers.com\/en\/servicios\/\" \/>\n<meta property=\"og:locale\" content=\"en_US\" \/>\n<meta property=\"og:type\" content=\"article\" \/>\n<meta property=\"og:title\" content=\"Servicios - GitTowers\" \/>\n<meta property=\"og:description\" content=\"Servicios Construcci\u00f3n de Estaciones Base Celular Nos especializamos en la ejecuci\u00f3n integral de estaciones base celular, un proceso complejo que gestionamos desde el dise\u00f1o estrat\u00e9gico y la planificaci\u00f3n, hasta la obra civil y el despliegue final de equipos de radio. Nuestro objetivo es claro: proveer la m\u00e1xima cobertura y capacidad para la red m\u00f3vil. Con [&hellip;]\" \/>\n<meta property=\"og:url\" content=\"https:\/\/www.gittowers.com\/en\/servicios\/\" \/>\n<meta property=\"og:site_name\" content=\"GitTowers\" \/>\n<meta property=\"article:modified_time\" content=\"2025-10-08T10:51:30+00:00\" \/>\n<meta name=\"twitter:card\" content=\"summary_large_image\" \/>\n<meta name=\"twitter:label1\" content=\"Est. reading time\" \/>\n\t<meta name=\"twitter:data1\" content=\"1 minute\" \/>\n<script type=\"application\/ld+json\" class=\"yoast-schema-graph\">{\"@context\":\"https:\/\/schema.org\",\"@graph\":[{\"@type\":\"WebPage\",\"@id\":\"https:\/\/www.gittowers.com\/servicios\/\",\"url\":\"https:\/\/www.gittowers.com\/servicios\/\",\"name\":\"Servicios - GitTowers\",\"isPartOf\":{\"@id\":\"https:\/\/www.gittowers.com\/#website\"},\"datePublished\":\"2025-08-31T17:33:13+00:00\",\"dateModified\":\"2025-10-08T10:51:30+00:00\",\"breadcrumb\":{\"@id\":\"https:\/\/www.gittowers.com\/servicios\/#breadcrumb\"},\"inLanguage\":\"en-US\",\"potentialAction\":[{\"@type\":\"ReadAction\",\"target\":[\"https:\/\/www.gittowers.com\/servicios\/\"]}]},{\"@type\":\"BreadcrumbList\",\"@id\":\"https:\/\/www.gittowers.com\/servicios\/#breadcrumb\",\"itemListElement\":[{\"@type\":\"ListItem\",\"position\":1,\"name\":\"Portada\",\"item\":\"https:\/\/www.gittowers.com\/\"},{\"@type\":\"ListItem\",\"position\":2,\"name\":\"Servicios\"}]},{\"@type\":\"WebSite\",\"@id\":\"https:\/\/www.gittowers.com\/#website\",\"url\":\"https:\/\/www.gittowers.com\/\",\"name\":\"GitTowers\",\"description\":\"M\u00e1s que conectar, impulsamos el futuro\",\"publisher\":{\"@id\":\"https:\/\/www.gittowers.com\/#organization\"},\"potentialAction\":[{\"@type\":\"SearchAction\",\"target\":{\"@type\":\"EntryPoint\",\"urlTemplate\":\"https:\/\/www.gittowers.com\/?s={search_term_string}\"},\"query-input\":{\"@type\":\"PropertyValueSpecification\",\"valueRequired\":true,\"valueName\":\"search_term_string\"}}],\"inLanguage\":\"en-US\"},{\"@type\":\"Organization\",\"@id\":\"https:\/\/www.gittowers.com\/#organization\",\"name\":\"GitTowers\",\"url\":\"https:\/\/www.gittowers.com\/\",\"logo\":{\"@type\":\"ImageObject\",\"inLanguage\":\"en-US\",\"@id\":\"https:\/\/www.gittowers.com\/#\/schema\/logo\/image\/\",\"url\":\"https:\/\/www.gittowers.com\/wp-content\/uploads\/2025\/08\/git-tower-logo.png\",\"contentUrl\":\"https:\/\/www.gittowers.com\/wp-content\/uploads\/2025\/08\/git-tower-logo.png\",\"width\":1000,\"height\":490,\"caption\":\"GitTowers\"},\"image\":{\"@id\":\"https:\/\/www.gittowers.com\/#\/schema\/logo\/image\/\"}}]}<\/script>\n<!-- \/ Yoast SEO plugin. -->","yoast_head_json":{"title":"Servicios - GitTowers","robots":{"index":"index","follow":"follow","max-snippet":"max-snippet:-1","max-image-preview":"max-image-preview:large","max-video-preview":"max-video-preview:-1"},"canonical":"https:\/\/www.gittowers.com\/en\/servicios\/","og_locale":"en_US","og_type":"article","og_title":"Servicios - GitTowers","og_description":"Servicios Construcci\u00f3n de Estaciones Base Celular Nos especializamos en la ejecuci\u00f3n integral de estaciones base celular, un proceso complejo que gestionamos desde el dise\u00f1o estrat\u00e9gico y la planificaci\u00f3n, hasta la obra civil y el despliegue final de equipos de radio. Nuestro objetivo es claro: proveer la m\u00e1xima cobertura y capacidad para la red m\u00f3vil. Con [&hellip;]","og_url":"https:\/\/www.gittowers.com\/en\/servicios\/","og_site_name":"GitTowers","article_modified_time":"2025-10-08T10:51:30+00:00","twitter_card":"summary_large_image","twitter_misc":{"Est. reading time":"1 minute"},"schema":{"@context":"https:\/\/schema.org","@graph":[{"@type":"WebPage","@id":"https:\/\/www.gittowers.com\/servicios\/","url":"https:\/\/www.gittowers.com\/servicios\/","name":"Servicios - GitTowers","isPartOf":{"@id":"https:\/\/www.gittowers.com\/#website"},"datePublished":"2025-08-31T17:33:13+00:00","dateModified":"2025-10-08T10:51:30+00:00","breadcrumb":{"@id":"https:\/\/www.gittowers.com\/servicios\/#breadcrumb"},"inLanguage":"en-US","potentialAction":[{"@type":"ReadAction","target":["https:\/\/www.gittowers.com\/servicios\/"]}]},{"@type":"BreadcrumbList","@id":"https:\/\/www.gittowers.com\/servicios\/#breadcrumb","itemListElement":[{"@type":"ListItem","position":1,"name":"Portada","item":"https:\/\/www.gittowers.com\/"},{"@type":"ListItem","position":2,"name":"Servicios"}]},{"@type":"WebSite","@id":"https:\/\/www.gittowers.com\/#website","url":"https:\/\/www.gittowers.com\/","name":"GitTowers","description":"M\u00e1s que conectar, impulsamos el futuro","publisher":{"@id":"https:\/\/www.gittowers.com\/#organization"},"potentialAction":[{"@type":"SearchAction","target":{"@type":"EntryPoint","urlTemplate":"https:\/\/www.gittowers.com\/?s={search_term_string}"},"query-input":{"@type":"PropertyValueSpecification","valueRequired":true,"valueName":"search_term_string"}}],"inLanguage":"en-US"},{"@type":"Organization","@id":"https:\/\/www.gittowers.com\/#organization","name":"GitTowers","url":"https:\/\/www.gittowers.com\/","logo":{"@type":"ImageObject","inLanguage":"en-US","@id":"https:\/\/www.gittowers.com\/#\/schema\/logo\/image\/","url":"https:\/\/www.gittowers.com\/wp-content\/uploads\/2025\/08\/git-tower-logo.png","contentUrl":"https:\/\/www.gittowers.com\/wp-content\/uploads\/2025\/08\/git-tower-logo.png","width":1000,"height":490,"caption":"GitTowers"},"image":{"@id":"https:\/\/www.gittowers.com\/#\/schema\/logo\/image\/"}}]}},"_links":{"self":[{"href":"https:\/\/www.gittowers.com\/en\/wp-json\/wp\/v2\/pages\/239","targetHints":{"allow":["GET"]}}],"collection":[{"href":"https:\/\/www.gittowers.com\/en\/wp-json\/wp\/v2\/pages"}],"about":[{"href":"https:\/\/www.gittowers.com\/en\/wp-json\/wp\/v2\/types\/page"}],"author":[{"embeddable":true,"href":"https:\/\/www.gittowers.com\/en\/wp-json\/wp\/v2\/users\/1"}],"replies":[{"embeddable":true,"href":"https:\/\/www.gittowers.com\/en\/wp-json\/wp\/v2\/comments?post=239"}],"version-history":[{"count":10,"href":"https:\/\/www.gittowers.com\/en\/wp-json\/wp\/v2\/pages\/239\/revisions"}],"predecessor-version":[{"id":831,"href":"https:\/\/www.gittowers.com\/en\/wp-json\/wp\/v2\/pages\/239\/revisions\/831"}],"wp:attachment":[{"href":"https:\/\/www.gittowers.com\/en\/wp-json\/wp\/v2\/media?parent=239"}],"curies":[{"name":"wp","href":"https:\/\/api.w.org\/{rel}","templated":true}]}}