{"id":243,"date":"2025-08-31T17:33:36","date_gmt":"2025-08-31T17:33:36","guid":{"rendered":"https:\/\/www.gittowers.com\/?page_id=243"},"modified":"2025-10-08T10:50:02","modified_gmt":"2025-10-08T10:50:02","slug":"contacto","status":"publish","type":"page","link":"https:\/\/www.gittowers.com\/en\/contacto\/","title":{"rendered":"Contact"},"content":{"rendered":"<div data-elementor-type=\"wp-page\" data-elementor-id=\"243\" class=\"elementor elementor-243\" data-elementor-post-type=\"page\">\n\t\t\t\t<div class=\"elementor-element elementor-element-97396fa e-flex e-con-boxed e-con e-parent\" data-id=\"97396fa\" data-element_type=\"container\" data-settings=\"{&quot;background_background&quot;:&quot;classic&quot;}\">\n\t\t\t\t\t<div class=\"e-con-inner\">\n\t\t\t\t<div class=\"elementor-element elementor-element-b412b49 elementor-widget elementor-widget-heading\" data-id=\"b412b49\" data-element_type=\"widget\" data-widget_type=\"heading.default\">\n\t\t\t\t\t<h2 class=\"elementor-heading-title elementor-size-default\">Contact<\/h2>\t\t\t\t<\/div>\n\t\t\t\t\t<\/div>\n\t\t\t\t<\/div>\n\t\t<div class=\"elementor-element elementor-element-c596e32 e-flex e-con-boxed e-con e-parent\" data-id=\"c596e32\" data-element_type=\"container\" data-settings=\"{&quot;background_background&quot;:&quot;classic&quot;}\">\n\t\t\t\t\t<div class=\"e-con-inner\">\n\t\t<div class=\"elementor-element elementor-element-41c13a0 e-con-full e-flex e-con e-child\" data-id=\"41c13a0\" data-element_type=\"container\" data-settings=\"{&quot;background_background&quot;:&quot;classic&quot;}\">\n\t\t\t\t<div class=\"elementor-element elementor-element-5260a56 elementor-widget elementor-widget-heading\" data-id=\"5260a56\" data-element_type=\"widget\" data-widget_type=\"heading.default\">\n\t\t\t\t\t<h2 class=\"elementor-heading-title elementor-size-default\">Email<\/h2>\t\t\t\t<\/div>\n\t\t\t\t<div class=\"elementor-element elementor-element-260b0c6 elementor-widget elementor-widget-text-editor\" data-id=\"260b0c6\" data-element_type=\"widget\" data-widget_type=\"text-editor.default\">\n\t\t\t\t\t\t\t\t\t<p>info@gittowers.com<\/p>\t\t\t\t\t\t\t\t<\/div>\n\t\t\t\t<\/div>\n\t\t<div class=\"elementor-element elementor-element-4f654f7 e-con-full e-flex e-con e-child\" data-id=\"4f654f7\" data-element_type=\"container\" data-settings=\"{&quot;background_background&quot;:&quot;classic&quot;}\">\n\t\t\t\t<div class=\"elementor-element elementor-element-899a087 elementor-widget elementor-widget-heading\" data-id=\"899a087\" data-element_type=\"widget\" data-widget_type=\"heading.default\">\n\t\t\t\t\t<h2 class=\"elementor-heading-title elementor-size-default\">Address<\/h2>\t\t\t\t<\/div>\n\t\t\t\t<div class=\"elementor-element elementor-element-34c1e1e elementor-widget elementor-widget-text-editor\" data-id=\"34c1e1e\" data-element_type=\"widget\" data-widget_type=\"text-editor.default\">\n\t\t\t\t\t\t\t\t\t<p>Calle Tomas Edison N\u00b0261<br \/>San Isidro, Lima \u2013 Per\u00fa<\/p>\t\t\t\t\t\t\t\t<\/div>\n\t\t\t\t<\/div>\n\t\t\t\t\t<\/div>\n\t\t\t\t<\/div>\n\t\t<div class=\"elementor-element elementor-element-fd6c974 e-flex e-con-boxed e-con e-parent\" data-id=\"fd6c974\" data-element_type=\"container\">\n\t\t\t\t\t<div class=\"e-con-inner\">\n\t\t<div class=\"elementor-element elementor-element-91282e8 e-con-full e-flex e-con e-child\" data-id=\"91282e8\" data-element_type=\"container\">\n\t\t\t\t<div class=\"elementor-element elementor-element-ac5193a elementor-widget elementor-widget-heading\" data-id=\"ac5193a\" data-element_type=\"widget\" data-widget_type=\"heading.default\">\n\t\t\t\t\t<h2 class=\"elementor-heading-title elementor-size-default\">Do you have any questions?<\/h2>\t\t\t\t<\/div>\n\t\t\t\t<div class=\"elementor-element elementor-element-b9945e5 elementor-widget elementor-widget-text-editor\" data-id=\"b9945e5\" data-element_type=\"widget\" data-widget_type=\"text-editor.default\">\n\t\t\t\t\t\t\t\t\t<p>For any business solution or inquiry, please don't hesitate to contact us for immediate customer support. We'd love to hear from you.<\/p>\t\t\t\t\t\t\t\t<\/div>\n\t\t\t\t<div class=\"elementor-element elementor-element-11c5b18 elementor-icon-list--layout-traditional elementor-list-item-link-full_width elementor-widget elementor-widget-icon-list\" data-id=\"11c5b18\" data-element_type=\"widget\" data-widget_type=\"icon-list.default\">\n\t\t\t\t\t\t\t<ul class=\"elementor-icon-list-items\">\n\t\t\t\t\t\t\t<li class=\"elementor-icon-list-item\">\n\t\t\t\t\t\t\t\t\t\t\t<span class=\"elementor-icon-list-icon\">\n\t\t\t\t\t\t\t<i aria-hidden=\"true\" class=\"icon icon-envelope1\"><\/i>\t\t\t\t\t\t<\/span>\n\t\t\t\t\t\t\t\t\t\t<span class=\"elementor-icon-list-text\">info@gittowers.com <\/span>\n\t\t\t\t\t\t\t\t\t<\/li>\n\t\t\t\t\t\t\t\t<li class=\"elementor-icon-list-item\">\n\t\t\t\t\t\t\t\t\t\t\t<span class=\"elementor-icon-list-icon\">\n\t\t\t\t\t\t\t<i aria-hidden=\"true\" class=\"icon icon-envelope1\"><\/i>\t\t\t\t\t\t<\/span>\n\t\t\t\t\t\t\t\t\t\t<span class=\"elementor-icon-list-text\">gerencia@gittowers.com<\/span>\n\t\t\t\t\t\t\t\t\t<\/li>\n\t\t\t\t\t\t\t\t<li class=\"elementor-icon-list-item\">\n\t\t\t\t\t\t\t\t\t\t\t<span class=\"elementor-icon-list-icon\">\n\t\t\t\t\t\t\t<i aria-hidden=\"true\" class=\"icon icon-map-marker1\"><\/i>\t\t\t\t\t\t<\/span>\n\t\t\t\t\t\t\t\t\t\t<span class=\"elementor-icon-list-text\">Tomas Edison Street N\u00b0261. San Isidro, Lima \u2013 Peru<\/span>\n\t\t\t\t\t\t\t\t\t<\/li>\n\t\t\t\t\t\t<\/ul>\n\t\t\t\t\t\t<\/div>\n\t\t\t\t<\/div>\n\t\t<div class=\"elementor-element elementor-element-8988c3c e-con-full e-flex e-con e-child\" data-id=\"8988c3c\" data-element_type=\"container\">\n\t\t\t\t<div class=\"elementor-element elementor-element-34c4768 elementor-button-align-stretch elementor-widget elementor-widget-form\" data-id=\"34c4768\" data-element_type=\"widget\" data-settings=\"{&quot;button_width&quot;:&quot;100&quot;,&quot;step_type&quot;:&quot;number_text&quot;,&quot;step_icon_shape&quot;:&quot;circle&quot;}\" data-widget_type=\"form.default\">\n\t\t\t\t\t\t\t<form class=\"elementor-form\" method=\"post\" name=\"New Form\" aria-label=\"New Form\" action=\"\">\n\t\t\t<input type=\"hidden\" name=\"post_id\" value=\"243\"\/>\n\t\t\t<input type=\"hidden\" name=\"form_id\" value=\"34c4768\"\/>\n\t\t\t<input type=\"hidden\" name=\"referer_title\" value=\"Contacto - GitTowers\" \/>\n\n\t\t\t\t\t\t\t<input type=\"hidden\" name=\"queried_id\" value=\"243\"\/>\n\t\t\t\n\t\t\t<div class=\"elementor-form-fields-wrapper elementor-labels-above\">\n\t\t\t\t\t\t\t\t<div class=\"elementor-field-type-text elementor-field-group elementor-column elementor-field-group-field_7c30c05 elementor-col-50 elementor-field-required\">\n\t\t\t\t\t\t\t\t\t\t\t\t<label for=\"form-field-field_7c30c05\" class=\"elementor-field-label\">\n\t\t\t\t\t\t\t\tName\t\t\t\t\t\t\t<\/label>\n\t\t\t\t\t\t\t\t\t\t\t\t\t\t<input size=\"1\" type=\"text\" name=\"form_fields[field_7c30c05]\" id=\"form-field-field_7c30c05\" class=\"elementor-field elementor-size-sm  elementor-field-textual\" placeholder=\"Name\" required=\"required\">\n\t\t\t\t\t\t\t\t\t\t\t<\/div>\n\t\t\t\t\t\t\t\t<div class=\"elementor-field-type-email elementor-field-group elementor-column elementor-field-group-email elementor-col-50 elementor-field-required\">\n\t\t\t\t\t\t\t\t\t\t\t\t<label for=\"form-field-email\" class=\"elementor-field-label\">\n\t\t\t\t\t\t\t\tEmail\t\t\t\t\t\t\t<\/label>\n\t\t\t\t\t\t\t\t\t\t\t\t\t\t<input size=\"1\" type=\"email\" name=\"form_fields[email]\" id=\"form-field-email\" class=\"elementor-field elementor-size-sm  elementor-field-textual\" placeholder=\"Email\" required=\"required\">\n\t\t\t\t\t\t\t\t\t\t\t<\/div>\n\t\t\t\t\t\t\t\t<div class=\"elementor-field-type-text elementor-field-group elementor-column elementor-field-group-name elementor-col-50 elementor-field-required\">\n\t\t\t\t\t\t\t\t\t\t\t\t<label for=\"form-field-name\" class=\"elementor-field-label\">\n\t\t\t\t\t\t\t\tPhone\t\t\t\t\t\t\t<\/label>\n\t\t\t\t\t\t\t\t\t\t\t\t\t\t<input size=\"1\" type=\"text\" name=\"form_fields[name]\" id=\"form-field-name\" class=\"elementor-field elementor-size-sm  elementor-field-textual\" placeholder=\"Phone\" required=\"required\">\n\t\t\t\t\t\t\t\t\t\t\t<\/div>\n\t\t\t\t\t\t\t\t<div class=\"elementor-field-type-select elementor-field-group elementor-column elementor-field-group-field_02d9faf elementor-col-50 elementor-field-required\">\n\t\t\t\t\t\t\t\t\t\t\t\t<label for=\"form-field-field_02d9faf\" class=\"elementor-field-label\">\n\t\t\t\t\t\t\t\tService\t\t\t\t\t\t\t<\/label>\n\t\t\t\t\t\t\t\t<div class=\"elementor-field elementor-select-wrapper remove-before\">\n\t\t\t<div class=\"select-caret-down-wrapper\">\n\t\t\t\t<svg aria-hidden=\"true\" class=\"e-font-icon-svg e-eicon-caret-down\" viewbox=\"0 0 571.4 571.4\" xmlns=\"http:\/\/www.w3.org\/2000\/svg\"><path d=\"M571 393Q571 407 561 418L311 668Q300 679 286 679T261 668L11 418Q0 407 0 393T11 368 36 357H536Q550 357 561 368T571 393Z\"><\/path><\/svg>\t\t\t<\/div>\n\t\t\t<select name=\"form_fields[field_02d9faf]\" id=\"form-field-field_02d9faf\" class=\"elementor-field-textual elementor-size-sm\" required=\"required\">\n\t\t\t\t\t\t\t\t\t<option value=\"Construcci\u00f3n de EBC \">Construcci\u00f3n de EBC <\/option>\n\t\t\t\t\t\t\t\t\t<option value=\"Venta y Arriendo de EBC\">EBC Sale and Lease<\/option>\n\t\t\t\t\t\t\t\t\t<option value=\"Indoor y Outdoor (DAS)\">Indoor y Outdoor (DAS)<\/option>\n\t\t\t\t\t\t\t<\/select>\n\t\t<\/div>\n\t\t\t\t\t\t<\/div>\n\t\t\t\t\t\t\t\t<div class=\"elementor-field-type-textarea elementor-field-group elementor-column elementor-field-group-message elementor-col-100\">\n\t\t\t\t\t\t\t\t\t\t\t\t<label for=\"form-field-message\" class=\"elementor-field-label\">\n\t\t\t\t\t\t\t\tMessage\t\t\t\t\t\t\t<\/label>\n\t\t\t\t\t\t<textarea class=\"elementor-field-textual elementor-field  elementor-size-sm\" name=\"form_fields[message]\" id=\"form-field-message\" rows=\"4\" placeholder=\"Message\"><\/textarea>\t\t\t\t<\/div>\n\t\t\t\t\t\t\t\t<div class=\"elementor-field-group elementor-column elementor-field-type-submit elementor-col-100 e-form__buttons\">\n\t\t\t\t\t<button class=\"elementor-button elementor-size-sm\" type=\"submit\">\n\t\t\t\t\t\t<span class=\"elementor-button-content-wrapper\">\n\t\t\t\t\t\t\t\t\t\t\t\t\t\t\t\t\t\t\t\t\t\t<span class=\"elementor-button-text\">Submit<\/span>\n\t\t\t\t\t\t\t\t\t\t\t\t\t<\/span>\n\t\t\t\t\t<\/button>\n\t\t\t\t<\/div>\n\t\t\t<\/div>\n\t\t<input type=\"hidden\" name=\"trp-form-language\" value=\"en\"\/><\/form>\n\t\t\t\t\t\t<\/div>\n\t\t\t\t<\/div>\n\t\t\t\t\t<\/div>\n\t\t\t\t<\/div>\n\t\t<div class=\"elementor-element elementor-element-ddd1019 e-con-full e-flex e-con e-parent\" data-id=\"ddd1019\" data-element_type=\"container\">\n\t\t\t\t<div class=\"elementor-element elementor-element-e5bd9a8 elementor-widget elementor-widget-html\" data-id=\"e5bd9a8\" data-element_type=\"widget\" data-widget_type=\"html.default\">\n\t\t\t\t\t<iframe src=\"https:\/\/www.google.com\/maps\/embed?pb=!1m18!1m12!1m3!1d3901.313262263164!2d-77.05289422418446!3d-12.090693742721784!2m3!1f0!2f0!3f0!3m2!1i1024!2i768!4f13.1!3m3!1m2!1s0x9105c85698aabd23%3A0xcb2356b12fbdba44!2sC.%20Tomas%20Edison%20261%2C%20San%20Isidro%2015076!5e0!3m2!1ses-419!2spe!4v1759920561269!5m2!1ses-419!2spe\" width=\"600\" height=\"450\" style=\"border:0;\" allowfullscreen=\"\" loading=\"lazy\" referrerpolicy=\"no-referrer-when-downgrade\"><\/iframe>\t\t\t\t<\/div>\n\t\t\t\t<\/div>\n\t\t\t\t<\/div>","protected":false},"excerpt":{"rendered":"<p>Contacto Email info@gittowers.com Direcci\u00f3n Calle Tomas Edison N\u00b0261San Isidro, Lima \u2013 Per\u00fa \u00bfTienes alguna consulta? Para cualquier tipo de soluci\u00f3n o consulta empresarial, no dude en contactarnos para obtener atenci\u00f3n al cliente inmediata. Nos encantar\u00eda saber de usted. info@gittowers.com gerencia@gittowers.com Calle Tomas Edison N\u00b0261. San Isidro, Lima \u2013 Per\u00fa<\/p>","protected":false},"author":1,"featured_media":0,"parent":0,"menu_order":0,"comment_status":"closed","ping_status":"closed","template":"","meta":{"footnotes":""},"class_list":["post-243","page","type-page","status-publish","hentry"],"yoast_head":"<!-- This site is optimized with the Yoast SEO plugin v26.3 - https:\/\/yoast.com\/wordpress\/plugins\/seo\/ -->\n<title>Contacto - GitTowers<\/title>\n<meta name=\"robots\" content=\"index, follow, max-snippet:-1, max-image-preview:large, max-video-preview:-1\" \/>\n<link rel=\"canonical\" href=\"https:\/\/www.gittowers.com\/en\/contacto\/\" \/>\n<meta property=\"og:locale\" content=\"en_US\" \/>\n<meta property=\"og:type\" content=\"article\" \/>\n<meta property=\"og:title\" content=\"Contacto - GitTowers\" \/>\n<meta property=\"og:description\" content=\"Contacto Email info@gittowers.com Direcci\u00f3n Calle Tomas Edison N\u00b0261San Isidro, Lima \u2013 Per\u00fa \u00bfTienes alguna consulta? Para cualquier tipo de soluci\u00f3n o consulta empresarial, no dude en contactarnos para obtener atenci\u00f3n al cliente inmediata. Nos encantar\u00eda saber de usted. info@gittowers.com gerencia@gittowers.com Calle Tomas Edison N\u00b0261. San Isidro, Lima \u2013 Per\u00fa\" \/>\n<meta property=\"og:url\" content=\"https:\/\/www.gittowers.com\/en\/contacto\/\" \/>\n<meta property=\"og:site_name\" content=\"GitTowers\" \/>\n<meta property=\"article:modified_time\" content=\"2025-10-08T10:50:02+00:00\" \/>\n<meta name=\"twitter:card\" content=\"summary_large_image\" \/>\n<script type=\"application\/ld+json\" class=\"yoast-schema-graph\">{\"@context\":\"https:\/\/schema.org\",\"@graph\":[{\"@type\":\"WebPage\",\"@id\":\"https:\/\/www.gittowers.com\/contacto\/\",\"url\":\"https:\/\/www.gittowers.com\/contacto\/\",\"name\":\"Contacto - GitTowers\",\"isPartOf\":{\"@id\":\"https:\/\/www.gittowers.com\/#website\"},\"datePublished\":\"2025-08-31T17:33:36+00:00\",\"dateModified\":\"2025-10-08T10:50:02+00:00\",\"breadcrumb\":{\"@id\":\"https:\/\/www.gittowers.com\/contacto\/#breadcrumb\"},\"inLanguage\":\"en-US\",\"potentialAction\":[{\"@type\":\"ReadAction\",\"target\":[\"https:\/\/www.gittowers.com\/contacto\/\"]}]},{\"@type\":\"BreadcrumbList\",\"@id\":\"https:\/\/www.gittowers.com\/contacto\/#breadcrumb\",\"itemListElement\":[{\"@type\":\"ListItem\",\"position\":1,\"name\":\"Portada\",\"item\":\"https:\/\/www.gittowers.com\/\"},{\"@type\":\"ListItem\",\"position\":2,\"name\":\"Contacto\"}]},{\"@type\":\"WebSite\",\"@id\":\"https:\/\/www.gittowers.com\/#website\",\"url\":\"https:\/\/www.gittowers.com\/\",\"name\":\"GitTowers\",\"description\":\"M\u00e1s que conectar, impulsamos el futuro\",\"publisher\":{\"@id\":\"https:\/\/www.gittowers.com\/#organization\"},\"potentialAction\":[{\"@type\":\"SearchAction\",\"target\":{\"@type\":\"EntryPoint\",\"urlTemplate\":\"https:\/\/www.gittowers.com\/?s={search_term_string}\"},\"query-input\":{\"@type\":\"PropertyValueSpecification\",\"valueRequired\":true,\"valueName\":\"search_term_string\"}}],\"inLanguage\":\"en-US\"},{\"@type\":\"Organization\",\"@id\":\"https:\/\/www.gittowers.com\/#organization\",\"name\":\"GitTowers\",\"url\":\"https:\/\/www.gittowers.com\/\",\"logo\":{\"@type\":\"ImageObject\",\"inLanguage\":\"en-US\",\"@id\":\"https:\/\/www.gittowers.com\/#\/schema\/logo\/image\/\",\"url\":\"https:\/\/www.gittowers.com\/wp-content\/uploads\/2025\/08\/git-tower-logo.png\",\"contentUrl\":\"https:\/\/www.gittowers.com\/wp-content\/uploads\/2025\/08\/git-tower-logo.png\",\"width\":1000,\"height\":490,\"caption\":\"GitTowers\"},\"image\":{\"@id\":\"https:\/\/www.gittowers.com\/#\/schema\/logo\/image\/\"}}]}<\/script>\n<!-- \/ Yoast SEO plugin. -->","yoast_head_json":{"title":"Contacto - GitTowers","robots":{"index":"index","follow":"follow","max-snippet":"max-snippet:-1","max-image-preview":"max-image-preview:large","max-video-preview":"max-video-preview:-1"},"canonical":"https:\/\/www.gittowers.com\/en\/contacto\/","og_locale":"en_US","og_type":"article","og_title":"Contacto - GitTowers","og_description":"Contacto Email info@gittowers.com Direcci\u00f3n Calle Tomas Edison N\u00b0261San Isidro, Lima \u2013 Per\u00fa \u00bfTienes alguna consulta? Para cualquier tipo de soluci\u00f3n o consulta empresarial, no dude en contactarnos para obtener atenci\u00f3n al cliente inmediata. Nos encantar\u00eda saber de usted. info@gittowers.com gerencia@gittowers.com Calle Tomas Edison N\u00b0261. San Isidro, Lima \u2013 Per\u00fa","og_url":"https:\/\/www.gittowers.com\/en\/contacto\/","og_site_name":"GitTowers","article_modified_time":"2025-10-08T10:50:02+00:00","twitter_card":"summary_large_image","schema":{"@context":"https:\/\/schema.org","@graph":[{"@type":"WebPage","@id":"https:\/\/www.gittowers.com\/contacto\/","url":"https:\/\/www.gittowers.com\/contacto\/","name":"Contacto - GitTowers","isPartOf":{"@id":"https:\/\/www.gittowers.com\/#website"},"datePublished":"2025-08-31T17:33:36+00:00","dateModified":"2025-10-08T10:50:02+00:00","breadcrumb":{"@id":"https:\/\/www.gittowers.com\/contacto\/#breadcrumb"},"inLanguage":"en-US","potentialAction":[{"@type":"ReadAction","target":["https:\/\/www.gittowers.com\/contacto\/"]}]},{"@type":"BreadcrumbList","@id":"https:\/\/www.gittowers.com\/contacto\/#breadcrumb","itemListElement":[{"@type":"ListItem","position":1,"name":"Portada","item":"https:\/\/www.gittowers.com\/"},{"@type":"ListItem","position":2,"name":"Contacto"}]},{"@type":"WebSite","@id":"https:\/\/www.gittowers.com\/#website","url":"https:\/\/www.gittowers.com\/","name":"GitTowers","description":"M\u00e1s que conectar, impulsamos el futuro","publisher":{"@id":"https:\/\/www.gittowers.com\/#organization"},"potentialAction":[{"@type":"SearchAction","target":{"@type":"EntryPoint","urlTemplate":"https:\/\/www.gittowers.com\/?s={search_term_string}"},"query-input":{"@type":"PropertyValueSpecification","valueRequired":true,"valueName":"search_term_string"}}],"inLanguage":"en-US"},{"@type":"Organization","@id":"https:\/\/www.gittowers.com\/#organization","name":"GitTowers","url":"https:\/\/www.gittowers.com\/","logo":{"@type":"ImageObject","inLanguage":"en-US","@id":"https:\/\/www.gittowers.com\/#\/schema\/logo\/image\/","url":"https:\/\/www.gittowers.com\/wp-content\/uploads\/2025\/08\/git-tower-logo.png","contentUrl":"https:\/\/www.gittowers.com\/wp-content\/uploads\/2025\/08\/git-tower-logo.png","width":1000,"height":490,"caption":"GitTowers"},"image":{"@id":"https:\/\/www.gittowers.com\/#\/schema\/logo\/image\/"}}]}},"_links":{"self":[{"href":"https:\/\/www.gittowers.com\/en\/wp-json\/wp\/v2\/pages\/243","targetHints":{"allow":["GET"]}}],"collection":[{"href":"https:\/\/www.gittowers.com\/en\/wp-json\/wp\/v2\/pages"}],"about":[{"href":"https:\/\/www.gittowers.com\/en\/wp-json\/wp\/v2\/types\/page"}],"author":[{"embeddable":true,"href":"https:\/\/www.gittowers.com\/en\/wp-json\/wp\/v2\/users\/1"}],"replies":[{"embeddable":true,"href":"https:\/\/www.gittowers.com\/en\/wp-json\/wp\/v2\/comments?post=243"}],"version-history":[{"count":10,"href":"https:\/\/www.gittowers.com\/en\/wp-json\/wp\/v2\/pages\/243\/revisions"}],"predecessor-version":[{"id":828,"href":"https:\/\/www.gittowers.com\/en\/wp-json\/wp\/v2\/pages\/243\/revisions\/828"}],"wp:attachment":[{"href":"https:\/\/www.gittowers.com\/en\/wp-json\/wp\/v2\/media?parent=243"}],"curies":[{"name":"wp","href":"https:\/\/api.w.org\/{rel}","templated":true}]}}