{"id":525,"date":"2025-09-09T23:29:52","date_gmt":"2025-09-09T23:29:52","guid":{"rendered":"https:\/\/www.gittowers.com\/?page_id=525"},"modified":"2025-09-15T20:17:52","modified_gmt":"2025-09-15T20:17:52","slug":"politica-de-privacidad","status":"publish","type":"page","link":"https:\/\/www.gittowers.com\/en\/politica-de-privacidad\/","title":{"rendered":"Pol\u00edtica de Privacidad"},"content":{"rendered":"<div data-elementor-type=\"wp-page\" data-elementor-id=\"525\" class=\"elementor elementor-525\" data-elementor-post-type=\"page\">\n\t\t\t\t<div class=\"elementor-element elementor-element-c1b2017 e-flex e-con-boxed e-con e-parent\" data-id=\"c1b2017\" data-element_type=\"container\" data-settings=\"{&quot;background_background&quot;:&quot;classic&quot;}\">\n\t\t\t\t\t<div class=\"e-con-inner\">\n\t\t\t\t<div class=\"elementor-element elementor-element-47b80bf elementor-widget elementor-widget-heading\" data-id=\"47b80bf\" data-element_type=\"widget\" data-widget_type=\"heading.default\">\n\t\t\t\t\t<h2 class=\"elementor-heading-title elementor-size-default\">Privacy Policies<\/h2>\t\t\t\t<\/div>\n\t\t\t\t\t<\/div>\n\t\t\t\t<\/div>\n\t\t<div class=\"elementor-element elementor-element-e365a6c e-flex e-con-boxed e-con e-parent\" data-id=\"e365a6c\" data-element_type=\"container\">\n\t\t\t\t\t<div class=\"e-con-inner\">\n\t\t\t\t<div class=\"elementor-element elementor-element-265340a elementor-widget elementor-widget-text-editor\" data-id=\"265340a\" data-element_type=\"widget\" data-widget_type=\"text-editor.default\">\n\t\t\t\t\t\t\t\t\t<p data-start=\"607\" data-end=\"681\"><strong data-start=\"607\" data-end=\"679\">Privacy Policy \u2013 \u200b\u200bGlobal Investing Towers (<a class=\"decorated-link\" href=\"http:\/\/www.gittowers.com\/en\/\" target=\"_new\" rel=\"noopener\" data-start=\"659\" data-end=\"676\">www.gittowers.com<\/a>)<\/strong><\/p><p data-start=\"683\" data-end=\"846\" class=\"translation-block\">At <strong data-start=\"686\" data-end=\"713\">Global Investing Towers<\/strong> we respect your privacy and are committed to protecting the personal information you provide to us through our website.<\/p><h3 data-start=\"848\" data-end=\"893\">1. Data controller<\/h3><p data-start=\"894\" data-end=\"989\">The person responsible for processing your data is <strong data-start=\"941\" data-end=\"968\">Global Investing Towers<\/strong>, con sede en Per\u00fa.<\/p><h3 data-start=\"991\" data-end=\"1021\">2. Data we collect<\/h3><p data-start=\"1022\" data-end=\"1086\">Through our contact form, we can request:<\/p><ul data-start=\"1087\" data-end=\"1182\"><li data-start=\"1087\" data-end=\"1097\"><p data-start=\"1089\" data-end=\"1097\">Name<\/p><\/li><li data-start=\"1098\" data-end=\"1120\"><p data-start=\"1100\" data-end=\"1120\">Email<\/p><\/li><li data-start=\"1121\" data-end=\"1170\"><p data-start=\"1123\" data-end=\"1170\">Phone<\/p><\/li><li data-start=\"1171\" data-end=\"1182\"><p data-start=\"1173\" data-end=\"1182\">Message<\/p><\/li><\/ul><h3 data-start=\"1184\" data-end=\"1218\">3. Purpose of the treatment<\/h3><p data-start=\"1219\" data-end=\"1285\">The information provided will be used exclusively for:<\/p><ul data-start=\"1286\" data-end=\"1366\"><li data-start=\"1286\" data-end=\"1366\"><p data-start=\"1288\" data-end=\"1366\">Respond to queries, requests or communications made by the user.<\/p><\/li><\/ul><p data-start=\"1368\" data-end=\"1432\">We do not use the data for marketing or advertising purposes.<\/p><h3 data-start=\"1434\" data-end=\"1468\">4. Data retention<\/h3><p data-start=\"1469\" data-end=\"1604\">The data will be retained only for the time necessary to respond to the query and, where applicable, for the applicable legal period.<\/p><h3 data-start=\"1606\" data-end=\"1624\">5. Security<\/h3><p data-start=\"1625\" data-end=\"1731\">Our website uses <strong data-start=\"1651\" data-end=\"1676\">secure connection (SSL)<\/strong> to protect information during transmission.<\/p><h3 data-start=\"1733\" data-end=\"1766\">6. User rights<\/h3><p data-start=\"1767\" data-end=\"1857\">In accordance with current regulations in Peru, you may request at any time:<\/p><ul data-start=\"1858\" data-end=\"1957\"><li data-start=\"1858\" data-end=\"1892\"><p data-start=\"1860\" data-end=\"1892\">Access to your personal data.<\/p><\/li><li data-start=\"1893\" data-end=\"1927\"><p data-start=\"1895\" data-end=\"1927\">Rectification or update.<\/p><\/li><li data-start=\"1928\" data-end=\"1957\"><p data-start=\"1930\" data-end=\"1957\">Deletion of your data.<\/p><\/li><\/ul><p data-start=\"1959\" data-end=\"2046\">To exercise your rights, you can write to us at: <em>info@gittowers.com<\/em><\/p><h3 data-start=\"2048\" data-end=\"2071\">7. Modifications<\/h3><p data-start=\"2072\" data-end=\"2184\">We may update this Privacy Policy at any time. We encourage you to review it periodically.<\/p>\t\t\t\t\t\t\t\t<\/div>\n\t\t\t\t\t<\/div>\n\t\t\t\t<\/div>\n\t\t\t\t<\/div>","protected":false},"excerpt":{"rendered":"<p>Pol\u00edticas de Privacidad Pol\u00edtica de Privacidad \u2013 Global Investing Towers (www.gittowers.com) En Global Investing Towers respetamos su privacidad y nos comprometemos a proteger la informaci\u00f3n personal que nos proporcione a trav\u00e9s de nuestro sitio web. 1. Responsable del tratamiento de datos El responsable del tratamiento de sus datos es Global Investing Towers, con sede en [&hellip;]<\/p>","protected":false},"author":1,"featured_media":0,"parent":0,"menu_order":0,"comment_status":"closed","ping_status":"closed","template":"","meta":{"footnotes":""},"class_list":["post-525","page","type-page","status-publish","hentry"],"yoast_head":"<!-- This site is optimized with the Yoast SEO plugin v26.3 - https:\/\/yoast.com\/wordpress\/plugins\/seo\/ -->\n<title>Pol\u00edtica de Privacidad - GitTowers<\/title>\n<meta name=\"robots\" content=\"index, follow, max-snippet:-1, max-image-preview:large, max-video-preview:-1\" \/>\n<link rel=\"canonical\" href=\"https:\/\/www.gittowers.com\/en\/politica-de-privacidad\/\" \/>\n<meta property=\"og:locale\" content=\"en_US\" \/>\n<meta property=\"og:type\" content=\"article\" \/>\n<meta property=\"og:title\" content=\"Pol\u00edtica de Privacidad - GitTowers\" \/>\n<meta property=\"og:description\" content=\"Pol\u00edticas de Privacidad Pol\u00edtica de Privacidad \u2013 Global Investing Towers (www.gittowers.com) En Global Investing Towers respetamos su privacidad y nos comprometemos a proteger la informaci\u00f3n personal que nos proporcione a trav\u00e9s de nuestro sitio web. 1. Responsable del tratamiento de datos El responsable del tratamiento de sus datos es Global Investing Towers, con sede en [&hellip;]\" \/>\n<meta property=\"og:url\" content=\"https:\/\/www.gittowers.com\/en\/politica-de-privacidad\/\" \/>\n<meta property=\"og:site_name\" content=\"GitTowers\" \/>\n<meta property=\"article:modified_time\" content=\"2025-09-15T20:17:52+00:00\" \/>\n<meta name=\"twitter:card\" content=\"summary_large_image\" \/>\n<meta name=\"twitter:label1\" content=\"Est. reading time\" \/>\n\t<meta name=\"twitter:data1\" content=\"1 minute\" \/>\n<script type=\"application\/ld+json\" class=\"yoast-schema-graph\">{\"@context\":\"https:\/\/schema.org\",\"@graph\":[{\"@type\":\"WebPage\",\"@id\":\"https:\/\/www.gittowers.com\/politica-de-privacidad\/\",\"url\":\"https:\/\/www.gittowers.com\/politica-de-privacidad\/\",\"name\":\"Pol\u00edtica de Privacidad - GitTowers\",\"isPartOf\":{\"@id\":\"https:\/\/www.gittowers.com\/#website\"},\"datePublished\":\"2025-09-09T23:29:52+00:00\",\"dateModified\":\"2025-09-15T20:17:52+00:00\",\"breadcrumb\":{\"@id\":\"https:\/\/www.gittowers.com\/politica-de-privacidad\/#breadcrumb\"},\"inLanguage\":\"en-US\",\"potentialAction\":[{\"@type\":\"ReadAction\",\"target\":[\"https:\/\/www.gittowers.com\/politica-de-privacidad\/\"]}]},{\"@type\":\"BreadcrumbList\",\"@id\":\"https:\/\/www.gittowers.com\/politica-de-privacidad\/#breadcrumb\",\"itemListElement\":[{\"@type\":\"ListItem\",\"position\":1,\"name\":\"Portada\",\"item\":\"https:\/\/www.gittowers.com\/\"},{\"@type\":\"ListItem\",\"position\":2,\"name\":\"Pol\u00edtica de Privacidad\"}]},{\"@type\":\"WebSite\",\"@id\":\"https:\/\/www.gittowers.com\/#website\",\"url\":\"https:\/\/www.gittowers.com\/\",\"name\":\"GitTowers\",\"description\":\"M\u00e1s que conectar, impulsamos el futuro\",\"publisher\":{\"@id\":\"https:\/\/www.gittowers.com\/#organization\"},\"potentialAction\":[{\"@type\":\"SearchAction\",\"target\":{\"@type\":\"EntryPoint\",\"urlTemplate\":\"https:\/\/www.gittowers.com\/?s={search_term_string}\"},\"query-input\":{\"@type\":\"PropertyValueSpecification\",\"valueRequired\":true,\"valueName\":\"search_term_string\"}}],\"inLanguage\":\"en-US\"},{\"@type\":\"Organization\",\"@id\":\"https:\/\/www.gittowers.com\/#organization\",\"name\":\"GitTowers\",\"url\":\"https:\/\/www.gittowers.com\/\",\"logo\":{\"@type\":\"ImageObject\",\"inLanguage\":\"en-US\",\"@id\":\"https:\/\/www.gittowers.com\/#\/schema\/logo\/image\/\",\"url\":\"https:\/\/www.gittowers.com\/wp-content\/uploads\/2025\/08\/git-tower-logo.png\",\"contentUrl\":\"https:\/\/www.gittowers.com\/wp-content\/uploads\/2025\/08\/git-tower-logo.png\",\"width\":1000,\"height\":490,\"caption\":\"GitTowers\"},\"image\":{\"@id\":\"https:\/\/www.gittowers.com\/#\/schema\/logo\/image\/\"}}]}<\/script>\n<!-- \/ Yoast SEO plugin. -->","yoast_head_json":{"title":"Pol\u00edtica de Privacidad - GitTowers","robots":{"index":"index","follow":"follow","max-snippet":"max-snippet:-1","max-image-preview":"max-image-preview:large","max-video-preview":"max-video-preview:-1"},"canonical":"https:\/\/www.gittowers.com\/en\/politica-de-privacidad\/","og_locale":"en_US","og_type":"article","og_title":"Pol\u00edtica de Privacidad - GitTowers","og_description":"Pol\u00edticas de Privacidad Pol\u00edtica de Privacidad \u2013 Global Investing Towers (www.gittowers.com) En Global Investing Towers respetamos su privacidad y nos comprometemos a proteger la informaci\u00f3n personal que nos proporcione a trav\u00e9s de nuestro sitio web. 1. Responsable del tratamiento de datos El responsable del tratamiento de sus datos es Global Investing Towers, con sede en [&hellip;]","og_url":"https:\/\/www.gittowers.com\/en\/politica-de-privacidad\/","og_site_name":"GitTowers","article_modified_time":"2025-09-15T20:17:52+00:00","twitter_card":"summary_large_image","twitter_misc":{"Est. reading time":"1 minute"},"schema":{"@context":"https:\/\/schema.org","@graph":[{"@type":"WebPage","@id":"https:\/\/www.gittowers.com\/politica-de-privacidad\/","url":"https:\/\/www.gittowers.com\/politica-de-privacidad\/","name":"Pol\u00edtica de Privacidad - GitTowers","isPartOf":{"@id":"https:\/\/www.gittowers.com\/#website"},"datePublished":"2025-09-09T23:29:52+00:00","dateModified":"2025-09-15T20:17:52+00:00","breadcrumb":{"@id":"https:\/\/www.gittowers.com\/politica-de-privacidad\/#breadcrumb"},"inLanguage":"en-US","potentialAction":[{"@type":"ReadAction","target":["https:\/\/www.gittowers.com\/politica-de-privacidad\/"]}]},{"@type":"BreadcrumbList","@id":"https:\/\/www.gittowers.com\/politica-de-privacidad\/#breadcrumb","itemListElement":[{"@type":"ListItem","position":1,"name":"Portada","item":"https:\/\/www.gittowers.com\/"},{"@type":"ListItem","position":2,"name":"Pol\u00edtica de Privacidad"}]},{"@type":"WebSite","@id":"https:\/\/www.gittowers.com\/#website","url":"https:\/\/www.gittowers.com\/","name":"GitTowers","description":"M\u00e1s que conectar, impulsamos el futuro","publisher":{"@id":"https:\/\/www.gittowers.com\/#organization"},"potentialAction":[{"@type":"SearchAction","target":{"@type":"EntryPoint","urlTemplate":"https:\/\/www.gittowers.com\/?s={search_term_string}"},"query-input":{"@type":"PropertyValueSpecification","valueRequired":true,"valueName":"search_term_string"}}],"inLanguage":"en-US"},{"@type":"Organization","@id":"https:\/\/www.gittowers.com\/#organization","name":"GitTowers","url":"https:\/\/www.gittowers.com\/","logo":{"@type":"ImageObject","inLanguage":"en-US","@id":"https:\/\/www.gittowers.com\/#\/schema\/logo\/image\/","url":"https:\/\/www.gittowers.com\/wp-content\/uploads\/2025\/08\/git-tower-logo.png","contentUrl":"https:\/\/www.gittowers.com\/wp-content\/uploads\/2025\/08\/git-tower-logo.png","width":1000,"height":490,"caption":"GitTowers"},"image":{"@id":"https:\/\/www.gittowers.com\/#\/schema\/logo\/image\/"}}]}},"_links":{"self":[{"href":"https:\/\/www.gittowers.com\/en\/wp-json\/wp\/v2\/pages\/525","targetHints":{"allow":["GET"]}}],"collection":[{"href":"https:\/\/www.gittowers.com\/en\/wp-json\/wp\/v2\/pages"}],"about":[{"href":"https:\/\/www.gittowers.com\/en\/wp-json\/wp\/v2\/types\/page"}],"author":[{"embeddable":true,"href":"https:\/\/www.gittowers.com\/en\/wp-json\/wp\/v2\/users\/1"}],"replies":[{"embeddable":true,"href":"https:\/\/www.gittowers.com\/en\/wp-json\/wp\/v2\/comments?post=525"}],"version-history":[{"count":7,"href":"https:\/\/www.gittowers.com\/en\/wp-json\/wp\/v2\/pages\/525\/revisions"}],"predecessor-version":[{"id":629,"href":"https:\/\/www.gittowers.com\/en\/wp-json\/wp\/v2\/pages\/525\/revisions\/629"}],"wp:attachment":[{"href":"https:\/\/www.gittowers.com\/en\/wp-json\/wp\/v2\/media?parent=525"}],"curies":[{"name":"wp","href":"https:\/\/api.w.org\/{rel}","templated":true}]}}