{"id":533,"date":"2025-09-09T23:35:13","date_gmt":"2025-09-09T23:35:13","guid":{"rendered":"https:\/\/www.gittowers.com\/?page_id=533"},"modified":"2025-09-15T20:18:10","modified_gmt":"2025-09-15T20:18:10","slug":"politica-de-cookies","status":"publish","type":"page","link":"https:\/\/www.gittowers.com\/en\/politica-de-cookies\/","title":{"rendered":"Cookie Policy"},"content":{"rendered":"<div data-elementor-type=\"wp-page\" data-elementor-id=\"533\" class=\"elementor elementor-533\" data-elementor-post-type=\"page\">\n\t\t\t\t<div class=\"elementor-element elementor-element-c1b2017 e-flex e-con-boxed e-con e-parent\" data-id=\"c1b2017\" data-element_type=\"container\" data-settings=\"{&quot;background_background&quot;:&quot;classic&quot;}\">\n\t\t\t\t\t<div class=\"e-con-inner\">\n\t\t\t\t<div class=\"elementor-element elementor-element-47b80bf elementor-widget elementor-widget-heading\" data-id=\"47b80bf\" data-element_type=\"widget\" data-widget_type=\"heading.default\">\n\t\t\t\t\t<h2 class=\"elementor-heading-title elementor-size-default\">Cookie Policy<\/h2>\t\t\t\t<\/div>\n\t\t\t\t\t<\/div>\n\t\t\t\t<\/div>\n\t\t<div class=\"elementor-element elementor-element-e365a6c e-flex e-con-boxed e-con e-parent\" data-id=\"e365a6c\" data-element_type=\"container\">\n\t\t\t\t\t<div class=\"e-con-inner\">\n\t\t\t\t<div class=\"elementor-element elementor-element-265340a elementor-widget elementor-widget-text-editor\" data-id=\"265340a\" data-element_type=\"widget\" data-widget_type=\"text-editor.default\">\n\t\t\t\t\t\t\t\t\t<p data-start=\"2218\" data-end=\"2289\"><strong data-start=\"2218\" data-end=\"2287\">Cookies Policy \u2013 \u200b\u200bGlobal Investing Towers (<a class=\"decorated-link\" href=\"http:\/\/www.gittowers.com\/en\/\" target=\"_new\" rel=\"noopener\" data-start=\"2267\" data-end=\"2284\">www.gittowers.com<\/a>)<\/strong><\/p><p data-start=\"2291\" data-end=\"2444\">Our website uses cookies that are strictly necessary for its proper functioning. We do not use marketing, advertising, or analytics cookies.<\/p><h3 data-start=\"2446\" data-end=\"2476\">1. What are cookies?<\/h3><p data-start=\"2477\" data-end=\"2613\">Cookies are small files that are stored in the user's browser to allow the website to function properly.<\/p><h3 data-start=\"2615\" data-end=\"2651\">2. Types of cookies we use<\/h3><ul data-start=\"2652\" data-end=\"2771\"><li data-start=\"2652\" data-end=\"2771\"><p data-start=\"2654\" data-end=\"2771\"><strong data-start=\"2654\" data-end=\"2685\">Cookies t\u00e9cnicas\/esenciales<\/strong>: necesarias para que el sitio funcione correctamente y para permitir la navegaci\u00f3n.<\/p><\/li><\/ul><p data-start=\"2773\" data-end=\"2827\">We do not use third-party or tracking cookies.<\/p><h3 data-start=\"2829\" data-end=\"2852\">3. Consent<\/h3><p data-start=\"2853\" data-end=\"3043\">By browsing our website, you agree to the use of essential cookies. Since we do not use advertising or analytics cookies, there is no need to request additional consent.<\/p><h3 data-start=\"3045\" data-end=\"3072\">4. Cookie management<\/h3><p data-start=\"3073\" data-end=\"3250\">You can set your browser to block or delete cookies at any time. However, some parts of the site may not function properly if you do so.<\/p>\t\t\t\t\t\t\t\t<\/div>\n\t\t\t\t\t<\/div>\n\t\t\t\t<\/div>\n\t\t\t\t<\/div>","protected":false},"excerpt":{"rendered":"<p>Pol\u00edtica de Cookies Pol\u00edtica de Cookies \u2013 Global Investing Towers (www.gittowers.com) Nuestro sitio web utiliza cookies estrictamente necesarias para su correcto funcionamiento. No empleamos cookies de marketing, publicidad ni anal\u00edtica. 1. \u00bfQu\u00e9 son las cookies? Las cookies son peque\u00f1os archivos que se almacenan en el navegador del usuario para permitir el correcto funcionamiento del sitio [&hellip;]<\/p>","protected":false},"author":1,"featured_media":0,"parent":0,"menu_order":0,"comment_status":"closed","ping_status":"closed","template":"","meta":{"footnotes":""},"class_list":["post-533","page","type-page","status-publish","hentry"],"yoast_head":"<!-- This site is optimized with the Yoast SEO plugin v26.3 - https:\/\/yoast.com\/wordpress\/plugins\/seo\/ -->\n<title>Pol\u00edtica de Cookies - GitTowers<\/title>\n<meta name=\"robots\" content=\"index, follow, max-snippet:-1, max-image-preview:large, max-video-preview:-1\" \/>\n<link rel=\"canonical\" href=\"https:\/\/www.gittowers.com\/en\/politica-de-cookies\/\" \/>\n<meta property=\"og:locale\" content=\"en_US\" \/>\n<meta property=\"og:type\" content=\"article\" \/>\n<meta property=\"og:title\" content=\"Pol\u00edtica de Cookies - GitTowers\" \/>\n<meta property=\"og:description\" content=\"Pol\u00edtica de Cookies Pol\u00edtica de Cookies \u2013 Global Investing Towers (www.gittowers.com) Nuestro sitio web utiliza cookies estrictamente necesarias para su correcto funcionamiento. No empleamos cookies de marketing, publicidad ni anal\u00edtica. 1. \u00bfQu\u00e9 son las cookies? Las cookies son peque\u00f1os archivos que se almacenan en el navegador del usuario para permitir el correcto funcionamiento del sitio [&hellip;]\" \/>\n<meta property=\"og:url\" content=\"https:\/\/www.gittowers.com\/en\/politica-de-cookies\/\" \/>\n<meta property=\"og:site_name\" content=\"GitTowers\" \/>\n<meta property=\"article:modified_time\" content=\"2025-09-15T20:18:10+00:00\" \/>\n<meta name=\"twitter:card\" content=\"summary_large_image\" \/>\n<meta name=\"twitter:label1\" content=\"Est. reading time\" \/>\n\t<meta name=\"twitter:data1\" content=\"1 minute\" \/>\n<script type=\"application\/ld+json\" class=\"yoast-schema-graph\">{\"@context\":\"https:\/\/schema.org\",\"@graph\":[{\"@type\":\"WebPage\",\"@id\":\"https:\/\/www.gittowers.com\/politica-de-cookies\/\",\"url\":\"https:\/\/www.gittowers.com\/politica-de-cookies\/\",\"name\":\"Pol\u00edtica de Cookies - GitTowers\",\"isPartOf\":{\"@id\":\"https:\/\/www.gittowers.com\/#website\"},\"datePublished\":\"2025-09-09T23:35:13+00:00\",\"dateModified\":\"2025-09-15T20:18:10+00:00\",\"breadcrumb\":{\"@id\":\"https:\/\/www.gittowers.com\/politica-de-cookies\/#breadcrumb\"},\"inLanguage\":\"en-US\",\"potentialAction\":[{\"@type\":\"ReadAction\",\"target\":[\"https:\/\/www.gittowers.com\/politica-de-cookies\/\"]}]},{\"@type\":\"BreadcrumbList\",\"@id\":\"https:\/\/www.gittowers.com\/politica-de-cookies\/#breadcrumb\",\"itemListElement\":[{\"@type\":\"ListItem\",\"position\":1,\"name\":\"Portada\",\"item\":\"https:\/\/www.gittowers.com\/\"},{\"@type\":\"ListItem\",\"position\":2,\"name\":\"Pol\u00edtica de Cookies\"}]},{\"@type\":\"WebSite\",\"@id\":\"https:\/\/www.gittowers.com\/#website\",\"url\":\"https:\/\/www.gittowers.com\/\",\"name\":\"GitTowers\",\"description\":\"M\u00e1s que conectar, impulsamos el futuro\",\"publisher\":{\"@id\":\"https:\/\/www.gittowers.com\/#organization\"},\"potentialAction\":[{\"@type\":\"SearchAction\",\"target\":{\"@type\":\"EntryPoint\",\"urlTemplate\":\"https:\/\/www.gittowers.com\/?s={search_term_string}\"},\"query-input\":{\"@type\":\"PropertyValueSpecification\",\"valueRequired\":true,\"valueName\":\"search_term_string\"}}],\"inLanguage\":\"en-US\"},{\"@type\":\"Organization\",\"@id\":\"https:\/\/www.gittowers.com\/#organization\",\"name\":\"GitTowers\",\"url\":\"https:\/\/www.gittowers.com\/\",\"logo\":{\"@type\":\"ImageObject\",\"inLanguage\":\"en-US\",\"@id\":\"https:\/\/www.gittowers.com\/#\/schema\/logo\/image\/\",\"url\":\"https:\/\/www.gittowers.com\/wp-content\/uploads\/2025\/08\/git-tower-logo.png\",\"contentUrl\":\"https:\/\/www.gittowers.com\/wp-content\/uploads\/2025\/08\/git-tower-logo.png\",\"width\":1000,\"height\":490,\"caption\":\"GitTowers\"},\"image\":{\"@id\":\"https:\/\/www.gittowers.com\/#\/schema\/logo\/image\/\"}}]}<\/script>\n<!-- \/ Yoast SEO plugin. -->","yoast_head_json":{"title":"Pol\u00edtica de Cookies - GitTowers","robots":{"index":"index","follow":"follow","max-snippet":"max-snippet:-1","max-image-preview":"max-image-preview:large","max-video-preview":"max-video-preview:-1"},"canonical":"https:\/\/www.gittowers.com\/en\/politica-de-cookies\/","og_locale":"en_US","og_type":"article","og_title":"Pol\u00edtica de Cookies - GitTowers","og_description":"Pol\u00edtica de Cookies Pol\u00edtica de Cookies \u2013 Global Investing Towers (www.gittowers.com) Nuestro sitio web utiliza cookies estrictamente necesarias para su correcto funcionamiento. No empleamos cookies de marketing, publicidad ni anal\u00edtica. 1. \u00bfQu\u00e9 son las cookies? Las cookies son peque\u00f1os archivos que se almacenan en el navegador del usuario para permitir el correcto funcionamiento del sitio [&hellip;]","og_url":"https:\/\/www.gittowers.com\/en\/politica-de-cookies\/","og_site_name":"GitTowers","article_modified_time":"2025-09-15T20:18:10+00:00","twitter_card":"summary_large_image","twitter_misc":{"Est. reading time":"1 minute"},"schema":{"@context":"https:\/\/schema.org","@graph":[{"@type":"WebPage","@id":"https:\/\/www.gittowers.com\/politica-de-cookies\/","url":"https:\/\/www.gittowers.com\/politica-de-cookies\/","name":"Pol\u00edtica de Cookies - GitTowers","isPartOf":{"@id":"https:\/\/www.gittowers.com\/#website"},"datePublished":"2025-09-09T23:35:13+00:00","dateModified":"2025-09-15T20:18:10+00:00","breadcrumb":{"@id":"https:\/\/www.gittowers.com\/politica-de-cookies\/#breadcrumb"},"inLanguage":"en-US","potentialAction":[{"@type":"ReadAction","target":["https:\/\/www.gittowers.com\/politica-de-cookies\/"]}]},{"@type":"BreadcrumbList","@id":"https:\/\/www.gittowers.com\/politica-de-cookies\/#breadcrumb","itemListElement":[{"@type":"ListItem","position":1,"name":"Portada","item":"https:\/\/www.gittowers.com\/"},{"@type":"ListItem","position":2,"name":"Pol\u00edtica de Cookies"}]},{"@type":"WebSite","@id":"https:\/\/www.gittowers.com\/#website","url":"https:\/\/www.gittowers.com\/","name":"GitTowers","description":"M\u00e1s que conectar, impulsamos el futuro","publisher":{"@id":"https:\/\/www.gittowers.com\/#organization"},"potentialAction":[{"@type":"SearchAction","target":{"@type":"EntryPoint","urlTemplate":"https:\/\/www.gittowers.com\/?s={search_term_string}"},"query-input":{"@type":"PropertyValueSpecification","valueRequired":true,"valueName":"search_term_string"}}],"inLanguage":"en-US"},{"@type":"Organization","@id":"https:\/\/www.gittowers.com\/#organization","name":"GitTowers","url":"https:\/\/www.gittowers.com\/","logo":{"@type":"ImageObject","inLanguage":"en-US","@id":"https:\/\/www.gittowers.com\/#\/schema\/logo\/image\/","url":"https:\/\/www.gittowers.com\/wp-content\/uploads\/2025\/08\/git-tower-logo.png","contentUrl":"https:\/\/www.gittowers.com\/wp-content\/uploads\/2025\/08\/git-tower-logo.png","width":1000,"height":490,"caption":"GitTowers"},"image":{"@id":"https:\/\/www.gittowers.com\/#\/schema\/logo\/image\/"}}]}},"_links":{"self":[{"href":"https:\/\/www.gittowers.com\/en\/wp-json\/wp\/v2\/pages\/533","targetHints":{"allow":["GET"]}}],"collection":[{"href":"https:\/\/www.gittowers.com\/en\/wp-json\/wp\/v2\/pages"}],"about":[{"href":"https:\/\/www.gittowers.com\/en\/wp-json\/wp\/v2\/types\/page"}],"author":[{"embeddable":true,"href":"https:\/\/www.gittowers.com\/en\/wp-json\/wp\/v2\/users\/1"}],"replies":[{"embeddable":true,"href":"https:\/\/www.gittowers.com\/en\/wp-json\/wp\/v2\/comments?post=533"}],"version-history":[{"count":7,"href":"https:\/\/www.gittowers.com\/en\/wp-json\/wp\/v2\/pages\/533\/revisions"}],"predecessor-version":[{"id":632,"href":"https:\/\/www.gittowers.com\/en\/wp-json\/wp\/v2\/pages\/533\/revisions\/632"}],"wp:attachment":[{"href":"https:\/\/www.gittowers.com\/en\/wp-json\/wp\/v2\/media?parent=533"}],"curies":[{"name":"wp","href":"https:\/\/api.w.org\/{rel}","templated":true}]}}